{"id":825,"date":"2024-04-26T15:00:33","date_gmt":"2024-04-26T15:00:33","guid":{"rendered":"https:\/\/pemaejetes.org.al\/?page_id=825"},"modified":"2024-04-26T15:01:28","modified_gmt":"2024-04-26T15:01:28","slug":"behu-anetar-i-fondacionit-pema-e-jetes","status":"publish","type":"page","link":"https:\/\/pemaejetes.org.al\/index.php\/behu-anetar-i-fondacionit-pema-e-jetes\/","title":{"rendered":"B\u00ebhu An\u00ebtar i Fondacionit &#8220;Pema e Jet\u00ebs&#8221;"},"content":{"rendered":"\t\t<div data-elementor-type=\"wp-page\" data-elementor-id=\"825\" class=\"elementor elementor-825\">\n\t\t\t\t<div class=\"elementor-element elementor-element-fa576c7 e-flex e-con-boxed e-con e-parent\" data-id=\"fa576c7\" data-element_type=\"container\" data-settings=\"{&quot;_ha_eqh_enable&quot;:false}\" data-core-v316-plus=\"true\">\n\t\t\t\t\t<div class=\"e-con-inner\">\n\t\t\t\t<div class=\"elementor-element elementor-element-d156744 elementor-widget elementor-widget-text-editor\" data-id=\"d156744\" data-element_type=\"widget\" data-widget_type=\"text-editor.default\">\n\t\t\t\t<div class=\"elementor-widget-container\">\n\t\t\t<style>\/*! elementor - v3.20.0 - 26-03-2024 *\/\n.elementor-widget-text-editor.elementor-drop-cap-view-stacked .elementor-drop-cap{background-color:#69727d;color:#fff}.elementor-widget-text-editor.elementor-drop-cap-view-framed .elementor-drop-cap{color:#69727d;border:3px solid;background-color:transparent}.elementor-widget-text-editor:not(.elementor-drop-cap-view-default) .elementor-drop-cap{margin-top:8px}.elementor-widget-text-editor:not(.elementor-drop-cap-view-default) .elementor-drop-cap-letter{width:1em;height:1em}.elementor-widget-text-editor .elementor-drop-cap{float:left;text-align:center;line-height:1;font-size:50px}.elementor-widget-text-editor .elementor-drop-cap-letter{display:inline-block}<\/style>\t\t\t\t<p>Na bashkohu n\u00eb misionin ton\u00eb p\u00ebr t\u00eb p\u00ebrmir\u00ebsuar jet\u00ebn e atyre q\u00eb luftojn\u00eb me s\u00ebmundje kronike. Si an\u00ebtar, do t\u00eb kontribuosh drejtp\u00ebrdrejt n\u00eb ndryshimet pozitive n\u00eb jet\u00ebt e shum\u00eb njer\u00ebzve dhe do t\u00eb marr\u00ebsh informacione t\u00eb rregullta mbi progresin dhe aktivitetet e Fondacionit.<\/p><p><strong>P\u00ebrfitimet e An\u00ebtar\u00ebsimit:<\/strong><\/p><ul><li><strong>Informacion i P\u00ebrditsh\u00ebm<\/strong>: Merrni njoftime dhe raporte t\u00eb rregullta mbi impaktin e projekteve tona dhe zhvillimet e reja.<\/li><li><strong>Pjes\u00ebmarrje n\u00eb Aktivitete<\/strong>: Ftohuni t\u00eb merrni pjes\u00eb n\u00eb ngjarje ekskluzive, seminare dhe workshope q\u00eb organizohen nga Fondacioni.<\/li><li><strong>Zbritje dhe Oferta<\/strong>: Shfryt\u00ebzoni zbritje dhe oferta t\u00eb ve\u00e7anta p\u00ebr aktivitete dhe sh\u00ebrbime t\u00eb lidhura me sh\u00ebndetin.<\/li><\/ul><p><strong>Si t\u00eb B\u00ebhesh An\u00ebtar:<\/strong><\/p><ol><li><strong>Plot\u00ebsoni Formularin e An\u00ebtar\u00ebsimit<\/strong>: Plotesoni t\u00eb dh\u00ebnat tuaja n\u00eb formularin online q\u00eb do t\u00eb gjeni n\u00eb website-n ton\u00eb.<\/li><li><strong>Kontributi i An\u00ebtar\u00ebsimit<\/strong>: Paguani tarif\u00ebn vjetore t\u00eb an\u00ebtar\u00ebsimit p\u00ebr t\u00eb mb\u00ebshtetur direkt iniciativat dhe projektet e Fondacionit.<\/li><li><strong>Konfirmimi dhe Mir\u00ebseardhja<\/strong>: Pas p\u00ebrpunimit t\u00eb an\u00ebtar\u00ebsimit tuaj, do t\u00eb merrni nj\u00eb paket\u00eb mir\u00ebseardhjeje dhe informacione mbi si t\u00eb angazhoheni m\u00eb tej me aktivitetet e Fondacionit.<\/li><\/ol><p><strong>Bashkohu me ne p\u00ebr t\u00eb ndihmuar n\u00eb krijimin e nj\u00eb t\u00eb ardhmeje m\u00eb t\u00eb mir\u00eb p\u00ebr t\u00eb gjith\u00eb!<\/strong><\/p>\t\t\t\t\t\t<\/div>\n\t\t\t\t<\/div>\n\t\t\t\t\t<\/div>\n\t\t\t\t<\/div>\n\t\t<div class=\"elementor-element elementor-element-1f802aa e-flex e-con-boxed e-con e-parent\" data-id=\"1f802aa\" data-element_type=\"container\" data-settings=\"{&quot;_ha_eqh_enable&quot;:false}\" data-core-v316-plus=\"true\">\n\t\t\t\t\t<div class=\"e-con-inner\">\n\t\t\t\t<div class=\"elementor-element elementor-element-ffbb6ba elementor-widget__width-initial elementor-widget elementor-widget-image\" data-id=\"ffbb6ba\" data-element_type=\"widget\" data-widget_type=\"image.default\">\n\t\t\t\t<div class=\"elementor-widget-container\">\n\t\t\t<style>\/*! elementor - v3.20.0 - 26-03-2024 *\/\n.elementor-widget-image{text-align:center}.elementor-widget-image a{display:inline-block}.elementor-widget-image a img[src$=\".svg\"]{width:48px}.elementor-widget-image img{vertical-align:middle;display:inline-block}<\/style>\t\t\t\t\t\t\t\t\t\t<img fetchpriority=\"high\" decoding=\"async\" width=\"800\" height=\"785\" src=\"https:\/\/pemaejetes.org.al\/wp-content\/uploads\/2024\/04\/sdd-1024x1005.png\" class=\"attachment-large size-large wp-image-830\" alt=\"\" srcset=\"https:\/\/pemaejetes.org.al\/wp-content\/uploads\/2024\/04\/sdd-1024x1005.png 1024w, https:\/\/pemaejetes.org.al\/wp-content\/uploads\/2024\/04\/sdd-300x295.png 300w, https:\/\/pemaejetes.org.al\/wp-content\/uploads\/2024\/04\/sdd-768x754.png 768w, https:\/\/pemaejetes.org.al\/wp-content\/uploads\/2024\/04\/sdd-12x12.png 12w, https:\/\/pemaejetes.org.al\/wp-content\/uploads\/2024\/04\/sdd.png 1162w\" sizes=\"(max-width: 800px) 100vw, 800px\" \/>\t\t\t\t\t\t\t\t\t\t\t\t\t<\/div>\n\t\t\t\t<\/div>\n\t\t\t\t\t<\/div>\n\t\t\t\t<\/div>\n\t\t\t\t<\/div>\n\t\t","protected":false},"excerpt":{"rendered":"<p>Na bashkohu n\u00eb misionin ton\u00eb p\u00ebr t\u00eb p\u00ebrmir\u00ebsuar jet\u00ebn e atyre q\u00eb luftojn\u00eb me s\u00ebmundje kronike. Si an\u00ebtar, do t\u00eb kontribuosh drejtp\u00ebrdrejt n\u00eb ndryshimet pozitive n\u00eb jet\u00ebt e shum\u00eb njer\u00ebzve dhe do t\u00eb marr\u00ebsh informacione t\u00eb rregullta mbi progresin dhe aktivitetet e Fondacionit. P\u00ebrfitimet e An\u00ebtar\u00ebsimit: Informacion i P\u00ebrditsh\u00ebm: Merrni njoftime dhe raporte t\u00eb rregullta [&hellip;]<\/p>\n","protected":false},"author":1,"featured_media":0,"parent":0,"menu_order":0,"comment_status":"closed","ping_status":"closed","template":"","meta":{"footnotes":""},"class_list":["post-825","page","type-page","status-publish","hentry"],"acf":[],"yoast_head":"<!-- This site is optimized with the Yoast SEO plugin v22.6 - https:\/\/yoast.com\/wordpress\/plugins\/seo\/ -->\n<title>B\u00ebhu An\u00ebtar i Fondacionit &quot;Pema e Jet\u00ebs&quot; - Pema e Jetes<\/title>\n<meta name=\"robots\" content=\"index, follow, max-snippet:-1, max-image-preview:large, max-video-preview:-1\" \/>\n<link rel=\"canonical\" href=\"https:\/\/pemaejetes.org.al\/index.php\/behu-anetar-i-fondacionit-pema-e-jetes\/\" \/>\n<meta property=\"og:locale\" content=\"en_US\" \/>\n<meta property=\"og:type\" content=\"article\" \/>\n<meta property=\"og:title\" content=\"B\u00ebhu An\u00ebtar i Fondacionit &quot;Pema e Jet\u00ebs&quot; - Pema e Jetes\" \/>\n<meta property=\"og:description\" content=\"Na bashkohu n\u00eb misionin ton\u00eb p\u00ebr t\u00eb p\u00ebrmir\u00ebsuar jet\u00ebn e atyre q\u00eb luftojn\u00eb me s\u00ebmundje kronike. Si an\u00ebtar, do t\u00eb kontribuosh drejtp\u00ebrdrejt n\u00eb ndryshimet pozitive n\u00eb jet\u00ebt e shum\u00eb njer\u00ebzve dhe do t\u00eb marr\u00ebsh informacione t\u00eb rregullta mbi progresin dhe aktivitetet e Fondacionit. P\u00ebrfitimet e An\u00ebtar\u00ebsimit: Informacion i P\u00ebrditsh\u00ebm: Merrni njoftime dhe raporte t\u00eb rregullta [&hellip;]\" \/>\n<meta property=\"og:url\" content=\"https:\/\/pemaejetes.org.al\/index.php\/behu-anetar-i-fondacionit-pema-e-jetes\/\" \/>\n<meta property=\"og:site_name\" content=\"Pema e Jetes\" \/>\n<meta property=\"article:modified_time\" content=\"2024-04-26T15:01:28+00:00\" \/>\n<meta property=\"og:image\" content=\"http:\/\/pemaejetes.org.al\/wp-content\/uploads\/2024\/04\/sdd-1024x1005.png\" \/>\n<meta name=\"twitter:card\" content=\"summary_large_image\" \/>\n<meta name=\"twitter:label1\" content=\"Est. reading time\" \/>\n\t<meta name=\"twitter:data1\" content=\"1 minute\" \/>\n<script type=\"application\/ld+json\" class=\"yoast-schema-graph\">{\"@context\":\"https:\/\/schema.org\",\"@graph\":[{\"@type\":\"WebPage\",\"@id\":\"https:\/\/pemaejetes.org.al\/index.php\/behu-anetar-i-fondacionit-pema-e-jetes\/\",\"url\":\"https:\/\/pemaejetes.org.al\/index.php\/behu-anetar-i-fondacionit-pema-e-jetes\/\",\"name\":\"B\u00ebhu An\u00ebtar i Fondacionit \\\"Pema e Jet\u00ebs\\\" - Pema e Jetes\",\"isPartOf\":{\"@id\":\"https:\/\/pemaejetes.org.al\/#website\"},\"primaryImageOfPage\":{\"@id\":\"https:\/\/pemaejetes.org.al\/index.php\/behu-anetar-i-fondacionit-pema-e-jetes\/#primaryimage\"},\"image\":{\"@id\":\"https:\/\/pemaejetes.org.al\/index.php\/behu-anetar-i-fondacionit-pema-e-jetes\/#primaryimage\"},\"thumbnailUrl\":\"http:\/\/pemaejetes.org.al\/wp-content\/uploads\/2024\/04\/sdd-1024x1005.png\",\"datePublished\":\"2024-04-26T15:00:33+00:00\",\"dateModified\":\"2024-04-26T15:01:28+00:00\",\"breadcrumb\":{\"@id\":\"https:\/\/pemaejetes.org.al\/index.php\/behu-anetar-i-fondacionit-pema-e-jetes\/#breadcrumb\"},\"inLanguage\":\"en-US\",\"potentialAction\":[{\"@type\":\"ReadAction\",\"target\":[\"https:\/\/pemaejetes.org.al\/index.php\/behu-anetar-i-fondacionit-pema-e-jetes\/\"]}]},{\"@type\":\"ImageObject\",\"inLanguage\":\"en-US\",\"@id\":\"https:\/\/pemaejetes.org.al\/index.php\/behu-anetar-i-fondacionit-pema-e-jetes\/#primaryimage\",\"url\":\"https:\/\/pemaejetes.org.al\/wp-content\/uploads\/2024\/04\/sdd.png\",\"contentUrl\":\"https:\/\/pemaejetes.org.al\/wp-content\/uploads\/2024\/04\/sdd.png\",\"width\":1162,\"height\":1141},{\"@type\":\"BreadcrumbList\",\"@id\":\"https:\/\/pemaejetes.org.al\/index.php\/behu-anetar-i-fondacionit-pema-e-jetes\/#breadcrumb\",\"itemListElement\":[{\"@type\":\"ListItem\",\"position\":1,\"name\":\"Home\",\"item\":\"https:\/\/pemaejetes.org.al\/\"},{\"@type\":\"ListItem\",\"position\":2,\"name\":\"B\u00ebhu An\u00ebtar i Fondacionit &#8220;Pema e Jet\u00ebs&#8221;\"}]},{\"@type\":\"WebSite\",\"@id\":\"https:\/\/pemaejetes.org.al\/#website\",\"url\":\"https:\/\/pemaejetes.org.al\/\",\"name\":\"Pema e Jetes\",\"description\":\"\",\"publisher\":{\"@id\":\"https:\/\/pemaejetes.org.al\/#organization\"},\"potentialAction\":[{\"@type\":\"SearchAction\",\"target\":{\"@type\":\"EntryPoint\",\"urlTemplate\":\"https:\/\/pemaejetes.org.al\/?s={search_term_string}\"},\"query-input\":\"required name=search_term_string\"}],\"inLanguage\":\"en-US\"},{\"@type\":\"Organization\",\"@id\":\"https:\/\/pemaejetes.org.al\/#organization\",\"name\":\"Pema e Jetes\",\"url\":\"https:\/\/pemaejetes.org.al\/\",\"logo\":{\"@type\":\"ImageObject\",\"inLanguage\":\"en-US\",\"@id\":\"https:\/\/pemaejetes.org.al\/#\/schema\/logo\/image\/\",\"url\":\"https:\/\/pemaejetes.org.al\/wp-content\/uploads\/2024\/04\/LOGO-Pema-e-Jetes-pdf_page-0002-e1712155546269.jpg\",\"contentUrl\":\"https:\/\/pemaejetes.org.al\/wp-content\/uploads\/2024\/04\/LOGO-Pema-e-Jetes-pdf_page-0002-e1712155546269.jpg\",\"width\":657,\"height\":610,\"caption\":\"Pema e Jetes\"},\"image\":{\"@id\":\"https:\/\/pemaejetes.org.al\/#\/schema\/logo\/image\/\"}}]}<\/script>\n<!-- \/ Yoast SEO plugin. -->","yoast_head_json":{"title":"B\u00ebhu An\u00ebtar i Fondacionit \"Pema e Jet\u00ebs\" - Pema e Jetes","robots":{"index":"index","follow":"follow","max-snippet":"max-snippet:-1","max-image-preview":"max-image-preview:large","max-video-preview":"max-video-preview:-1"},"canonical":"https:\/\/pemaejetes.org.al\/index.php\/behu-anetar-i-fondacionit-pema-e-jetes\/","og_locale":"en_US","og_type":"article","og_title":"B\u00ebhu An\u00ebtar i Fondacionit \"Pema e Jet\u00ebs\" - Pema e Jetes","og_description":"Na bashkohu n\u00eb misionin ton\u00eb p\u00ebr t\u00eb p\u00ebrmir\u00ebsuar jet\u00ebn e atyre q\u00eb luftojn\u00eb me s\u00ebmundje kronike. Si an\u00ebtar, do t\u00eb kontribuosh drejtp\u00ebrdrejt n\u00eb ndryshimet pozitive n\u00eb jet\u00ebt e shum\u00eb njer\u00ebzve dhe do t\u00eb marr\u00ebsh informacione t\u00eb rregullta mbi progresin dhe aktivitetet e Fondacionit. P\u00ebrfitimet e An\u00ebtar\u00ebsimit: Informacion i P\u00ebrditsh\u00ebm: Merrni njoftime dhe raporte t\u00eb rregullta [&hellip;]","og_url":"https:\/\/pemaejetes.org.al\/index.php\/behu-anetar-i-fondacionit-pema-e-jetes\/","og_site_name":"Pema e Jetes","article_modified_time":"2024-04-26T15:01:28+00:00","og_image":[{"url":"http:\/\/pemaejetes.org.al\/wp-content\/uploads\/2024\/04\/sdd-1024x1005.png"}],"twitter_card":"summary_large_image","twitter_misc":{"Est. reading time":"1 minute"},"schema":{"@context":"https:\/\/schema.org","@graph":[{"@type":"WebPage","@id":"https:\/\/pemaejetes.org.al\/index.php\/behu-anetar-i-fondacionit-pema-e-jetes\/","url":"https:\/\/pemaejetes.org.al\/index.php\/behu-anetar-i-fondacionit-pema-e-jetes\/","name":"B\u00ebhu An\u00ebtar i Fondacionit \"Pema e Jet\u00ebs\" - Pema e Jetes","isPartOf":{"@id":"https:\/\/pemaejetes.org.al\/#website"},"primaryImageOfPage":{"@id":"https:\/\/pemaejetes.org.al\/index.php\/behu-anetar-i-fondacionit-pema-e-jetes\/#primaryimage"},"image":{"@id":"https:\/\/pemaejetes.org.al\/index.php\/behu-anetar-i-fondacionit-pema-e-jetes\/#primaryimage"},"thumbnailUrl":"http:\/\/pemaejetes.org.al\/wp-content\/uploads\/2024\/04\/sdd-1024x1005.png","datePublished":"2024-04-26T15:00:33+00:00","dateModified":"2024-04-26T15:01:28+00:00","breadcrumb":{"@id":"https:\/\/pemaejetes.org.al\/index.php\/behu-anetar-i-fondacionit-pema-e-jetes\/#breadcrumb"},"inLanguage":"en-US","potentialAction":[{"@type":"ReadAction","target":["https:\/\/pemaejetes.org.al\/index.php\/behu-anetar-i-fondacionit-pema-e-jetes\/"]}]},{"@type":"ImageObject","inLanguage":"en-US","@id":"https:\/\/pemaejetes.org.al\/index.php\/behu-anetar-i-fondacionit-pema-e-jetes\/#primaryimage","url":"https:\/\/pemaejetes.org.al\/wp-content\/uploads\/2024\/04\/sdd.png","contentUrl":"https:\/\/pemaejetes.org.al\/wp-content\/uploads\/2024\/04\/sdd.png","width":1162,"height":1141},{"@type":"BreadcrumbList","@id":"https:\/\/pemaejetes.org.al\/index.php\/behu-anetar-i-fondacionit-pema-e-jetes\/#breadcrumb","itemListElement":[{"@type":"ListItem","position":1,"name":"Home","item":"https:\/\/pemaejetes.org.al\/"},{"@type":"ListItem","position":2,"name":"B\u00ebhu An\u00ebtar i Fondacionit &#8220;Pema e Jet\u00ebs&#8221;"}]},{"@type":"WebSite","@id":"https:\/\/pemaejetes.org.al\/#website","url":"https:\/\/pemaejetes.org.al\/","name":"Pema e Jetes","description":"","publisher":{"@id":"https:\/\/pemaejetes.org.al\/#organization"},"potentialAction":[{"@type":"SearchAction","target":{"@type":"EntryPoint","urlTemplate":"https:\/\/pemaejetes.org.al\/?s={search_term_string}"},"query-input":"required name=search_term_string"}],"inLanguage":"en-US"},{"@type":"Organization","@id":"https:\/\/pemaejetes.org.al\/#organization","name":"Pema e Jetes","url":"https:\/\/pemaejetes.org.al\/","logo":{"@type":"ImageObject","inLanguage":"en-US","@id":"https:\/\/pemaejetes.org.al\/#\/schema\/logo\/image\/","url":"https:\/\/pemaejetes.org.al\/wp-content\/uploads\/2024\/04\/LOGO-Pema-e-Jetes-pdf_page-0002-e1712155546269.jpg","contentUrl":"https:\/\/pemaejetes.org.al\/wp-content\/uploads\/2024\/04\/LOGO-Pema-e-Jetes-pdf_page-0002-e1712155546269.jpg","width":657,"height":610,"caption":"Pema e Jetes"},"image":{"@id":"https:\/\/pemaejetes.org.al\/#\/schema\/logo\/image\/"}}]}},"_links":{"self":[{"href":"https:\/\/pemaejetes.org.al\/index.php\/wp-json\/wp\/v2\/pages\/825","targetHints":{"allow":["GET"]}}],"collection":[{"href":"https:\/\/pemaejetes.org.al\/index.php\/wp-json\/wp\/v2\/pages"}],"about":[{"href":"https:\/\/pemaejetes.org.al\/index.php\/wp-json\/wp\/v2\/types\/page"}],"author":[{"embeddable":true,"href":"https:\/\/pemaejetes.org.al\/index.php\/wp-json\/wp\/v2\/users\/1"}],"replies":[{"embeddable":true,"href":"https:\/\/pemaejetes.org.al\/index.php\/wp-json\/wp\/v2\/comments?post=825"}],"version-history":[{"count":7,"href":"https:\/\/pemaejetes.org.al\/index.php\/wp-json\/wp\/v2\/pages\/825\/revisions"}],"predecessor-version":[{"id":833,"href":"https:\/\/pemaejetes.org.al\/index.php\/wp-json\/wp\/v2\/pages\/825\/revisions\/833"}],"wp:attachment":[{"href":"https:\/\/pemaejetes.org.al\/index.php\/wp-json\/wp\/v2\/media?parent=825"}],"curies":[{"name":"wp","href":"https:\/\/api.w.org\/{rel}","templated":true}]}}