{"id":1302,"date":"2024-05-12T08:50:37","date_gmt":"2024-05-12T08:50:37","guid":{"rendered":"https:\/\/pemaejetes.org.al\/?page_id=1302"},"modified":"2024-05-12T08:50:53","modified_gmt":"2024-05-12T08:50:53","slug":"semundjet-autoimune","status":"publish","type":"page","link":"https:\/\/pemaejetes.org.al\/index.php\/semundjet-autoimune\/","title":{"rendered":"S\u00ebmundjet autoimune"},"content":{"rendered":"\t\t<div data-elementor-type=\"wp-page\" data-elementor-id=\"1302\" class=\"elementor elementor-1302\">\n\t\t\t\t<div class=\"elementor-element elementor-element-3b938f8 e-con-full e-flex e-con e-parent\" data-id=\"3b938f8\" data-element_type=\"container\" data-settings=\"{&quot;background_background&quot;:&quot;classic&quot;,&quot;_ha_eqh_enable&quot;:false}\" data-core-v316-plus=\"true\">\n\t\t\t\t<div class=\"elementor-element elementor-element-77d4b5c elementor-widget elementor-widget-heading\" data-id=\"77d4b5c\" data-element_type=\"widget\" data-widget_type=\"heading.default\">\n\t\t\t\t<div class=\"elementor-widget-container\">\n\t\t\t<style>\/*! elementor - v3.20.0 - 26-03-2024 *\/\n.elementor-heading-title{padding:0;margin:0;line-height:1}.elementor-widget-heading .elementor-heading-title[class*=elementor-size-]>a{color:inherit;font-size:inherit;line-height:inherit}.elementor-widget-heading .elementor-heading-title.elementor-size-small{font-size:15px}.elementor-widget-heading .elementor-heading-title.elementor-size-medium{font-size:19px}.elementor-widget-heading .elementor-heading-title.elementor-size-large{font-size:29px}.elementor-widget-heading .elementor-heading-title.elementor-size-xl{font-size:39px}.elementor-widget-heading .elementor-heading-title.elementor-size-xxl{font-size:59px}<\/style><h2 class=\"elementor-heading-title elementor-size-default\">S\u00ebmundjet autoimune<\/h2>\t\t<\/div>\n\t\t\t\t<\/div>\n\t\t\t\t<\/div>\n\t\t<div class=\"elementor-element elementor-element-1a8bd5f e-flex e-con-boxed e-con e-parent\" data-id=\"1a8bd5f\" data-element_type=\"container\" data-settings=\"{&quot;_ha_eqh_enable&quot;:false}\" data-core-v316-plus=\"true\">\n\t\t\t\t\t<div class=\"e-con-inner\">\n\t\t\t\t<div class=\"elementor-element elementor-element-e08b13e elementor-grid-3 elementor-grid-tablet-2 elementor-grid-mobile-1 elementor-posts--thumbnail-top elementor-card-shadow-yes elementor-posts__hover-gradient elementor-widget elementor-widget-posts\" data-id=\"e08b13e\" data-element_type=\"widget\" data-settings=\"{&quot;cards_columns&quot;:&quot;3&quot;,&quot;cards_columns_tablet&quot;:&quot;2&quot;,&quot;cards_columns_mobile&quot;:&quot;1&quot;,&quot;cards_row_gap&quot;:{&quot;unit&quot;:&quot;px&quot;,&quot;size&quot;:35,&quot;sizes&quot;:[]},&quot;cards_row_gap_tablet&quot;:{&quot;unit&quot;:&quot;px&quot;,&quot;size&quot;:&quot;&quot;,&quot;sizes&quot;:[]},&quot;cards_row_gap_mobile&quot;:{&quot;unit&quot;:&quot;px&quot;,&quot;size&quot;:&quot;&quot;,&quot;sizes&quot;:[]}}\" data-widget_type=\"posts.cards\">\n\t\t\t\t<div class=\"elementor-widget-container\">\n\t\t\t<link rel=\"stylesheet\" href=\"https:\/\/pemaejetes.org.al\/wp-content\/plugins\/elementor-pro\/assets\/css\/widget-posts.min.css\">\t\t<div class=\"elementor-posts-container elementor-posts elementor-posts--skin-cards elementor-grid\">\n\t\t\t\t<article class=\"elementor-post elementor-grid-item post-1569 post type-post status-publish format-standard has-post-thumbnail hentry category-semundjet-autoimune category-semundjet-kronike\">\n\t\t\t<div class=\"elementor-post__card\">\n\t\t\t\t<a class=\"elementor-post__thumbnail__link\" href=\"https:\/\/pemaejetes.org.al\/index.php\/2024\/08\/30\/hashimoto-cfare-diete-ushqimore-duhet-te-bejme\/\" ><div class=\"elementor-post__thumbnail\"><img fetchpriority=\"high\" decoding=\"async\" width=\"300\" height=\"300\" src=\"https:\/\/pemaejetes.org.al\/wp-content\/uploads\/2024\/08\/A3kah4L3TKYnOk4nXCK7-300x300.png\" class=\"attachment-medium size-medium wp-image-1570\" alt=\"\" srcset=\"https:\/\/pemaejetes.org.al\/wp-content\/uploads\/2024\/08\/A3kah4L3TKYnOk4nXCK7-300x300.png 300w, https:\/\/pemaejetes.org.al\/wp-content\/uploads\/2024\/08\/A3kah4L3TKYnOk4nXCK7-150x150.png 150w, https:\/\/pemaejetes.org.al\/wp-content\/uploads\/2024\/08\/A3kah4L3TKYnOk4nXCK7-768x768.png 768w, https:\/\/pemaejetes.org.al\/wp-content\/uploads\/2024\/08\/A3kah4L3TKYnOk4nXCK7.png 1024w\" sizes=\"(max-width: 300px) 100vw, 300px\" \/><\/div><\/a>\n\t\t\t\t<div class=\"elementor-post__text\">\n\t\t\t\t<h3 class=\"elementor-post__title\">\n\t\t\t<a href=\"https:\/\/pemaejetes.org.al\/index.php\/2024\/08\/30\/hashimoto-cfare-diete-ushqimore-duhet-te-bejme\/\" >\n\t\t\t\tHashimoto, \u00e7far\u00eb diete ushqimore duhet t\u00eb b\u00ebjm\u00eb?\t\t\t<\/a>\n\t\t<\/h3>\n\t\t\t\t<\/div>\n\t\t\t\t\t<\/div>\n\t\t<\/article>\n\t\t\t\t<article class=\"elementor-post elementor-grid-item post-1374 post type-post status-publish format-standard has-post-thumbnail hentry category-semundjet-autoimune category-semundjet-kronike\">\n\t\t\t<div class=\"elementor-post__card\">\n\t\t\t\t<a class=\"elementor-post__thumbnail__link\" href=\"https:\/\/pemaejetes.org.al\/index.php\/2024\/05\/13\/semundjet-autoimune\/\" ><div class=\"elementor-post__thumbnail\"><img decoding=\"async\" width=\"300\" height=\"300\" src=\"https:\/\/pemaejetes.org.al\/wp-content\/uploads\/2024\/05\/WhatsApp-Image-2024-04-22-at-10.22.02-PM-300x300.jpeg\" class=\"attachment-medium size-medium wp-image-1375\" alt=\"\" srcset=\"https:\/\/pemaejetes.org.al\/wp-content\/uploads\/2024\/05\/WhatsApp-Image-2024-04-22-at-10.22.02-PM-300x300.jpeg 300w, https:\/\/pemaejetes.org.al\/wp-content\/uploads\/2024\/05\/WhatsApp-Image-2024-04-22-at-10.22.02-PM-150x150.jpeg 150w, https:\/\/pemaejetes.org.al\/wp-content\/uploads\/2024\/05\/WhatsApp-Image-2024-04-22-at-10.22.02-PM-768x768.jpeg 768w, https:\/\/pemaejetes.org.al\/wp-content\/uploads\/2024\/05\/WhatsApp-Image-2024-04-22-at-10.22.02-PM.jpeg 1024w\" sizes=\"(max-width: 300px) 100vw, 300px\" \/><\/div><\/a>\n\t\t\t\t<div class=\"elementor-post__text\">\n\t\t\t\t<h3 class=\"elementor-post__title\">\n\t\t\t<a href=\"https:\/\/pemaejetes.org.al\/index.php\/2024\/05\/13\/semundjet-autoimune\/\" >\n\t\t\t\tS\u00ebmundjet autoimune\t\t\t<\/a>\n\t\t<\/h3>\n\t\t\t\t<\/div>\n\t\t\t\t\t<\/div>\n\t\t<\/article>\n\t\t\t\t<\/div>\n\t\t\n\t\t\t\t<\/div>\n\t\t\t\t<\/div>\n\t\t\t\t\t<\/div>\n\t\t\t\t<\/div>\n\t\t\t\t<\/div>\n\t\t","protected":false},"excerpt":{"rendered":"","protected":false},"author":1,"featured_media":0,"parent":0,"menu_order":0,"comment_status":"closed","ping_status":"closed","template":"elementor_header_footer","meta":{"footnotes":""},"class_list":["post-1302","page","type-page","status-publish","hentry"],"acf":[],"yoast_head":"<!-- This site is optimized with the Yoast SEO plugin v22.6 - https:\/\/yoast.com\/wordpress\/plugins\/seo\/ -->\n<title>S\u00ebmundjet autoimune - Pema e Jetes<\/title>\n<meta name=\"robots\" content=\"index, follow, max-snippet:-1, max-image-preview:large, max-video-preview:-1\" \/>\n<link rel=\"canonical\" href=\"https:\/\/pemaejetes.org.al\/index.php\/semundjet-autoimune\/\" \/>\n<meta property=\"og:locale\" content=\"en_US\" \/>\n<meta property=\"og:type\" content=\"article\" \/>\n<meta property=\"og:title\" content=\"S\u00ebmundjet autoimune - Pema e Jetes\" \/>\n<meta property=\"og:url\" content=\"https:\/\/pemaejetes.org.al\/index.php\/semundjet-autoimune\/\" \/>\n<meta property=\"og:site_name\" content=\"Pema e Jetes\" \/>\n<meta property=\"article:modified_time\" content=\"2024-05-12T08:50:53+00:00\" \/>\n<meta name=\"twitter:card\" content=\"summary_large_image\" \/>\n<meta name=\"twitter:label1\" content=\"Est. reading time\" \/>\n\t<meta name=\"twitter:data1\" content=\"1 minute\" \/>\n<script type=\"application\/ld+json\" class=\"yoast-schema-graph\">{\"@context\":\"https:\/\/schema.org\",\"@graph\":[{\"@type\":\"WebPage\",\"@id\":\"https:\/\/pemaejetes.org.al\/index.php\/semundjet-autoimune\/\",\"url\":\"https:\/\/pemaejetes.org.al\/index.php\/semundjet-autoimune\/\",\"name\":\"S\u00ebmundjet autoimune - Pema e Jetes\",\"isPartOf\":{\"@id\":\"https:\/\/pemaejetes.org.al\/#website\"},\"datePublished\":\"2024-05-12T08:50:37+00:00\",\"dateModified\":\"2024-05-12T08:50:53+00:00\",\"breadcrumb\":{\"@id\":\"https:\/\/pemaejetes.org.al\/index.php\/semundjet-autoimune\/#breadcrumb\"},\"inLanguage\":\"en-US\",\"potentialAction\":[{\"@type\":\"ReadAction\",\"target\":[\"https:\/\/pemaejetes.org.al\/index.php\/semundjet-autoimune\/\"]}]},{\"@type\":\"BreadcrumbList\",\"@id\":\"https:\/\/pemaejetes.org.al\/index.php\/semundjet-autoimune\/#breadcrumb\",\"itemListElement\":[{\"@type\":\"ListItem\",\"position\":1,\"name\":\"Home\",\"item\":\"https:\/\/pemaejetes.org.al\/\"},{\"@type\":\"ListItem\",\"position\":2,\"name\":\"S\u00ebmundjet autoimune\"}]},{\"@type\":\"WebSite\",\"@id\":\"https:\/\/pemaejetes.org.al\/#website\",\"url\":\"https:\/\/pemaejetes.org.al\/\",\"name\":\"Pema e Jetes\",\"description\":\"\",\"publisher\":{\"@id\":\"https:\/\/pemaejetes.org.al\/#organization\"},\"potentialAction\":[{\"@type\":\"SearchAction\",\"target\":{\"@type\":\"EntryPoint\",\"urlTemplate\":\"https:\/\/pemaejetes.org.al\/?s={search_term_string}\"},\"query-input\":\"required name=search_term_string\"}],\"inLanguage\":\"en-US\"},{\"@type\":\"Organization\",\"@id\":\"https:\/\/pemaejetes.org.al\/#organization\",\"name\":\"Pema e Jetes\",\"url\":\"https:\/\/pemaejetes.org.al\/\",\"logo\":{\"@type\":\"ImageObject\",\"inLanguage\":\"en-US\",\"@id\":\"https:\/\/pemaejetes.org.al\/#\/schema\/logo\/image\/\",\"url\":\"https:\/\/pemaejetes.org.al\/wp-content\/uploads\/2024\/04\/LOGO-Pema-e-Jetes-pdf_page-0002-e1712155546269.jpg\",\"contentUrl\":\"https:\/\/pemaejetes.org.al\/wp-content\/uploads\/2024\/04\/LOGO-Pema-e-Jetes-pdf_page-0002-e1712155546269.jpg\",\"width\":657,\"height\":610,\"caption\":\"Pema e Jetes\"},\"image\":{\"@id\":\"https:\/\/pemaejetes.org.al\/#\/schema\/logo\/image\/\"}}]}<\/script>\n<!-- \/ Yoast SEO plugin. -->","yoast_head_json":{"title":"S\u00ebmundjet autoimune - Pema e Jetes","robots":{"index":"index","follow":"follow","max-snippet":"max-snippet:-1","max-image-preview":"max-image-preview:large","max-video-preview":"max-video-preview:-1"},"canonical":"https:\/\/pemaejetes.org.al\/index.php\/semundjet-autoimune\/","og_locale":"en_US","og_type":"article","og_title":"S\u00ebmundjet autoimune - Pema e Jetes","og_url":"https:\/\/pemaejetes.org.al\/index.php\/semundjet-autoimune\/","og_site_name":"Pema e Jetes","article_modified_time":"2024-05-12T08:50:53+00:00","twitter_card":"summary_large_image","twitter_misc":{"Est. reading time":"1 minute"},"schema":{"@context":"https:\/\/schema.org","@graph":[{"@type":"WebPage","@id":"https:\/\/pemaejetes.org.al\/index.php\/semundjet-autoimune\/","url":"https:\/\/pemaejetes.org.al\/index.php\/semundjet-autoimune\/","name":"S\u00ebmundjet autoimune - Pema e Jetes","isPartOf":{"@id":"https:\/\/pemaejetes.org.al\/#website"},"datePublished":"2024-05-12T08:50:37+00:00","dateModified":"2024-05-12T08:50:53+00:00","breadcrumb":{"@id":"https:\/\/pemaejetes.org.al\/index.php\/semundjet-autoimune\/#breadcrumb"},"inLanguage":"en-US","potentialAction":[{"@type":"ReadAction","target":["https:\/\/pemaejetes.org.al\/index.php\/semundjet-autoimune\/"]}]},{"@type":"BreadcrumbList","@id":"https:\/\/pemaejetes.org.al\/index.php\/semundjet-autoimune\/#breadcrumb","itemListElement":[{"@type":"ListItem","position":1,"name":"Home","item":"https:\/\/pemaejetes.org.al\/"},{"@type":"ListItem","position":2,"name":"S\u00ebmundjet autoimune"}]},{"@type":"WebSite","@id":"https:\/\/pemaejetes.org.al\/#website","url":"https:\/\/pemaejetes.org.al\/","name":"Pema e Jetes","description":"","publisher":{"@id":"https:\/\/pemaejetes.org.al\/#organization"},"potentialAction":[{"@type":"SearchAction","target":{"@type":"EntryPoint","urlTemplate":"https:\/\/pemaejetes.org.al\/?s={search_term_string}"},"query-input":"required name=search_term_string"}],"inLanguage":"en-US"},{"@type":"Organization","@id":"https:\/\/pemaejetes.org.al\/#organization","name":"Pema e Jetes","url":"https:\/\/pemaejetes.org.al\/","logo":{"@type":"ImageObject","inLanguage":"en-US","@id":"https:\/\/pemaejetes.org.al\/#\/schema\/logo\/image\/","url":"https:\/\/pemaejetes.org.al\/wp-content\/uploads\/2024\/04\/LOGO-Pema-e-Jetes-pdf_page-0002-e1712155546269.jpg","contentUrl":"https:\/\/pemaejetes.org.al\/wp-content\/uploads\/2024\/04\/LOGO-Pema-e-Jetes-pdf_page-0002-e1712155546269.jpg","width":657,"height":610,"caption":"Pema e Jetes"},"image":{"@id":"https:\/\/pemaejetes.org.al\/#\/schema\/logo\/image\/"}}]}},"_links":{"self":[{"href":"https:\/\/pemaejetes.org.al\/index.php\/wp-json\/wp\/v2\/pages\/1302","targetHints":{"allow":["GET"]}}],"collection":[{"href":"https:\/\/pemaejetes.org.al\/index.php\/wp-json\/wp\/v2\/pages"}],"about":[{"href":"https:\/\/pemaejetes.org.al\/index.php\/wp-json\/wp\/v2\/types\/page"}],"author":[{"embeddable":true,"href":"https:\/\/pemaejetes.org.al\/index.php\/wp-json\/wp\/v2\/users\/1"}],"replies":[{"embeddable":true,"href":"https:\/\/pemaejetes.org.al\/index.php\/wp-json\/wp\/v2\/comments?post=1302"}],"version-history":[{"count":4,"href":"https:\/\/pemaejetes.org.al\/index.php\/wp-json\/wp\/v2\/pages\/1302\/revisions"}],"predecessor-version":[{"id":1306,"href":"https:\/\/pemaejetes.org.al\/index.php\/wp-json\/wp\/v2\/pages\/1302\/revisions\/1306"}],"wp:attachment":[{"href":"https:\/\/pemaejetes.org.al\/index.php\/wp-json\/wp\/v2\/media?parent=1302"}],"curies":[{"name":"wp","href":"https:\/\/api.w.org\/{rel}","templated":true}]}}