{"id":1063,"date":"2024-05-05T22:35:50","date_gmt":"2024-05-05T22:35:50","guid":{"rendered":"https:\/\/pemaejetes.org.al\/?page_id=1063"},"modified":"2024-05-05T22:36:56","modified_gmt":"2024-05-05T22:36:56","slug":"forum-diskutimesh-per-pacientet","status":"publish","type":"page","link":"https:\/\/pemaejetes.org.al\/index.php\/forum-diskutimesh-per-pacientet\/","title":{"rendered":"Forum diskutimesh p\u00ebr pacient\u00ebt"},"content":{"rendered":"\t\t<div data-elementor-type=\"wp-page\" data-elementor-id=\"1063\" class=\"elementor elementor-1063\">\n\t\t\t\t<div class=\"elementor-element elementor-element-4d8ee36 e-con-full e-flex e-con e-parent\" data-id=\"4d8ee36\" data-element_type=\"container\" data-settings=\"{&quot;background_background&quot;:&quot;classic&quot;,&quot;_ha_eqh_enable&quot;:false}\" data-core-v316-plus=\"true\">\n\t\t\t\t<div class=\"elementor-element elementor-element-7305109 elementor-widget elementor-widget-heading\" data-id=\"7305109\" data-element_type=\"widget\" data-widget_type=\"heading.default\">\n\t\t\t\t<div class=\"elementor-widget-container\">\n\t\t\t<style>\/*! elementor - v3.20.0 - 26-03-2024 *\/\n.elementor-heading-title{padding:0;margin:0;line-height:1}.elementor-widget-heading .elementor-heading-title[class*=elementor-size-]>a{color:inherit;font-size:inherit;line-height:inherit}.elementor-widget-heading .elementor-heading-title.elementor-size-small{font-size:15px}.elementor-widget-heading .elementor-heading-title.elementor-size-medium{font-size:19px}.elementor-widget-heading .elementor-heading-title.elementor-size-large{font-size:29px}.elementor-widget-heading .elementor-heading-title.elementor-size-xl{font-size:39px}.elementor-widget-heading .elementor-heading-title.elementor-size-xxl{font-size:59px}<\/style><h2 class=\"elementor-heading-title elementor-size-default\">Forum diskutimesh p\u00ebr pacient\u00ebt<\/h2>\t\t<\/div>\n\t\t\t\t<\/div>\n\t\t\t\t<\/div>\n\t\t<div class=\"elementor-element elementor-element-265e4b0 e-flex e-con-boxed e-con e-parent\" data-id=\"265e4b0\" data-element_type=\"container\" data-settings=\"{&quot;_ha_eqh_enable&quot;:false}\" data-core-v316-plus=\"true\">\n\t\t\t\t\t<div class=\"e-con-inner\">\n\t\t\t\t<div class=\"elementor-element elementor-element-1b83cac elementor-grid-3 elementor-grid-tablet-2 elementor-grid-mobile-1 elementor-posts--thumbnail-top elementor-card-shadow-yes elementor-posts__hover-gradient elementor-widget elementor-widget-posts\" data-id=\"1b83cac\" data-element_type=\"widget\" data-settings=\"{&quot;cards_columns&quot;:&quot;3&quot;,&quot;cards_columns_tablet&quot;:&quot;2&quot;,&quot;cards_columns_mobile&quot;:&quot;1&quot;,&quot;cards_row_gap&quot;:{&quot;unit&quot;:&quot;px&quot;,&quot;size&quot;:35,&quot;sizes&quot;:[]},&quot;cards_row_gap_tablet&quot;:{&quot;unit&quot;:&quot;px&quot;,&quot;size&quot;:&quot;&quot;,&quot;sizes&quot;:[]},&quot;cards_row_gap_mobile&quot;:{&quot;unit&quot;:&quot;px&quot;,&quot;size&quot;:&quot;&quot;,&quot;sizes&quot;:[]}}\" data-widget_type=\"posts.cards\">\n\t\t\t\t<div class=\"elementor-widget-container\">\n\t\t\t<link rel=\"stylesheet\" href=\"https:\/\/pemaejetes.org.al\/wp-content\/plugins\/elementor-pro\/assets\/css\/widget-posts.min.css\">\t\t<div class=\"elementor-posts-container elementor-posts elementor-posts--skin-cards elementor-grid\">\n\t\t\t\t<article class=\"elementor-post elementor-grid-item post-1167 post type-post status-publish format-standard has-post-thumbnail hentry category-forum-diskutimesh-per-pacientet category-zeri-i-pacientit\">\n\t\t\t<div class=\"elementor-post__card\">\n\t\t\t\t<a class=\"elementor-post__thumbnail__link\" href=\"https:\/\/pemaejetes.org.al\/index.php\/2024\/05\/10\/nje-hap-me-afer-jetes-me-shendet-diskutimet-dhe-perkrahja-ne-pema-e-jetes\/\" ><div class=\"elementor-post__thumbnail\"><img fetchpriority=\"high\" decoding=\"async\" width=\"300\" height=\"297\" src=\"https:\/\/pemaejetes.org.al\/wp-content\/uploads\/2024\/05\/11-300x297.png\" class=\"attachment-medium size-medium wp-image-1168\" alt=\"\" srcset=\"https:\/\/pemaejetes.org.al\/wp-content\/uploads\/2024\/05\/11-300x297.png 300w, https:\/\/pemaejetes.org.al\/wp-content\/uploads\/2024\/05\/11-1024x1015.png 1024w, https:\/\/pemaejetes.org.al\/wp-content\/uploads\/2024\/05\/11-150x150.png 150w, https:\/\/pemaejetes.org.al\/wp-content\/uploads\/2024\/05\/11-768x762.png 768w, https:\/\/pemaejetes.org.al\/wp-content\/uploads\/2024\/05\/11.png 1185w\" sizes=\"(max-width: 300px) 100vw, 300px\" \/><\/div><\/a>\n\t\t\t\t<div class=\"elementor-post__text\">\n\t\t\t\t<h3 class=\"elementor-post__title\">\n\t\t\t<a href=\"https:\/\/pemaejetes.org.al\/index.php\/2024\/05\/10\/nje-hap-me-afer-jetes-me-shendet-diskutimet-dhe-perkrahja-ne-pema-e-jetes\/\" >\n\t\t\t\tNj\u00eb hap m\u00eb af\u00ebr jet\u00ebs me sh\u00ebndet \u2013 Diskutimet dhe P\u00ebrkrahja n\u00eb Pema e Jet\u00ebs\t\t\t<\/a>\n\t\t<\/h3>\n\t\t\t\t<\/div>\n\t\t\t\t\t<\/div>\n\t\t<\/article>\n\t\t\t\t<\/div>\n\t\t\n\t\t\t\t<\/div>\n\t\t\t\t<\/div>\n\t\t\t\t\t<\/div>\n\t\t\t\t<\/div>\n\t\t\t\t<\/div>\n\t\t","protected":false},"excerpt":{"rendered":"","protected":false},"author":1,"featured_media":0,"parent":0,"menu_order":0,"comment_status":"closed","ping_status":"closed","template":"elementor_header_footer","meta":{"footnotes":""},"class_list":["post-1063","page","type-page","status-publish","hentry"],"acf":[],"yoast_head":"<!-- This site is optimized with the Yoast SEO plugin v22.6 - https:\/\/yoast.com\/wordpress\/plugins\/seo\/ -->\n<title>Forum diskutimesh p\u00ebr pacient\u00ebt - Pema e Jetes<\/title>\n<meta name=\"robots\" content=\"index, follow, max-snippet:-1, max-image-preview:large, max-video-preview:-1\" \/>\n<link rel=\"canonical\" href=\"http:\/\/pemaejetes.org.al\/index.php\/forum-diskutimesh-per-pacientet\/\" \/>\n<meta property=\"og:locale\" content=\"en_US\" \/>\n<meta property=\"og:type\" content=\"article\" \/>\n<meta property=\"og:title\" content=\"Forum diskutimesh p\u00ebr pacient\u00ebt - Pema e Jetes\" \/>\n<meta property=\"og:url\" content=\"http:\/\/pemaejetes.org.al\/index.php\/forum-diskutimesh-per-pacientet\/\" \/>\n<meta property=\"og:site_name\" content=\"Pema e Jetes\" \/>\n<meta property=\"article:modified_time\" content=\"2024-05-05T22:36:56+00:00\" \/>\n<meta name=\"twitter:card\" content=\"summary_large_image\" \/>\n<script type=\"application\/ld+json\" class=\"yoast-schema-graph\">{\"@context\":\"https:\/\/schema.org\",\"@graph\":[{\"@type\":\"WebPage\",\"@id\":\"http:\/\/pemaejetes.org.al\/index.php\/forum-diskutimesh-per-pacientet\/\",\"url\":\"http:\/\/pemaejetes.org.al\/index.php\/forum-diskutimesh-per-pacientet\/\",\"name\":\"Forum diskutimesh p\u00ebr pacient\u00ebt - Pema e Jetes\",\"isPartOf\":{\"@id\":\"http:\/\/pemaejetes.org.al\/#website\"},\"datePublished\":\"2024-05-05T22:35:50+00:00\",\"dateModified\":\"2024-05-05T22:36:56+00:00\",\"breadcrumb\":{\"@id\":\"http:\/\/pemaejetes.org.al\/index.php\/forum-diskutimesh-per-pacientet\/#breadcrumb\"},\"inLanguage\":\"en-US\",\"potentialAction\":[{\"@type\":\"ReadAction\",\"target\":[\"http:\/\/pemaejetes.org.al\/index.php\/forum-diskutimesh-per-pacientet\/\"]}]},{\"@type\":\"BreadcrumbList\",\"@id\":\"http:\/\/pemaejetes.org.al\/index.php\/forum-diskutimesh-per-pacientet\/#breadcrumb\",\"itemListElement\":[{\"@type\":\"ListItem\",\"position\":1,\"name\":\"Home\",\"item\":\"http:\/\/pemaejetes.org.al\/\"},{\"@type\":\"ListItem\",\"position\":2,\"name\":\"Forum diskutimesh p\u00ebr pacient\u00ebt\"}]},{\"@type\":\"WebSite\",\"@id\":\"http:\/\/pemaejetes.org.al\/#website\",\"url\":\"http:\/\/pemaejetes.org.al\/\",\"name\":\"Pema e Jetes\",\"description\":\"\",\"publisher\":{\"@id\":\"http:\/\/pemaejetes.org.al\/#organization\"},\"potentialAction\":[{\"@type\":\"SearchAction\",\"target\":{\"@type\":\"EntryPoint\",\"urlTemplate\":\"http:\/\/pemaejetes.org.al\/?s={search_term_string}\"},\"query-input\":\"required name=search_term_string\"}],\"inLanguage\":\"en-US\"},{\"@type\":\"Organization\",\"@id\":\"http:\/\/pemaejetes.org.al\/#organization\",\"name\":\"Pema e Jetes\",\"url\":\"http:\/\/pemaejetes.org.al\/\",\"logo\":{\"@type\":\"ImageObject\",\"inLanguage\":\"en-US\",\"@id\":\"http:\/\/pemaejetes.org.al\/#\/schema\/logo\/image\/\",\"url\":\"https:\/\/pemaejetes.org.al\/wp-content\/uploads\/2024\/04\/LOGO-Pema-e-Jetes-pdf_page-0002-e1712155546269.jpg\",\"contentUrl\":\"https:\/\/pemaejetes.org.al\/wp-content\/uploads\/2024\/04\/LOGO-Pema-e-Jetes-pdf_page-0002-e1712155546269.jpg\",\"width\":657,\"height\":610,\"caption\":\"Pema e Jetes\"},\"image\":{\"@id\":\"http:\/\/pemaejetes.org.al\/#\/schema\/logo\/image\/\"}}]}<\/script>\n<!-- \/ Yoast SEO plugin. -->","yoast_head_json":{"title":"Forum diskutimesh p\u00ebr pacient\u00ebt - Pema e Jetes","robots":{"index":"index","follow":"follow","max-snippet":"max-snippet:-1","max-image-preview":"max-image-preview:large","max-video-preview":"max-video-preview:-1"},"canonical":"http:\/\/pemaejetes.org.al\/index.php\/forum-diskutimesh-per-pacientet\/","og_locale":"en_US","og_type":"article","og_title":"Forum diskutimesh p\u00ebr pacient\u00ebt - Pema e Jetes","og_url":"http:\/\/pemaejetes.org.al\/index.php\/forum-diskutimesh-per-pacientet\/","og_site_name":"Pema e Jetes","article_modified_time":"2024-05-05T22:36:56+00:00","twitter_card":"summary_large_image","schema":{"@context":"https:\/\/schema.org","@graph":[{"@type":"WebPage","@id":"http:\/\/pemaejetes.org.al\/index.php\/forum-diskutimesh-per-pacientet\/","url":"http:\/\/pemaejetes.org.al\/index.php\/forum-diskutimesh-per-pacientet\/","name":"Forum diskutimesh p\u00ebr pacient\u00ebt - Pema e Jetes","isPartOf":{"@id":"http:\/\/pemaejetes.org.al\/#website"},"datePublished":"2024-05-05T22:35:50+00:00","dateModified":"2024-05-05T22:36:56+00:00","breadcrumb":{"@id":"http:\/\/pemaejetes.org.al\/index.php\/forum-diskutimesh-per-pacientet\/#breadcrumb"},"inLanguage":"en-US","potentialAction":[{"@type":"ReadAction","target":["http:\/\/pemaejetes.org.al\/index.php\/forum-diskutimesh-per-pacientet\/"]}]},{"@type":"BreadcrumbList","@id":"http:\/\/pemaejetes.org.al\/index.php\/forum-diskutimesh-per-pacientet\/#breadcrumb","itemListElement":[{"@type":"ListItem","position":1,"name":"Home","item":"http:\/\/pemaejetes.org.al\/"},{"@type":"ListItem","position":2,"name":"Forum diskutimesh p\u00ebr pacient\u00ebt"}]},{"@type":"WebSite","@id":"http:\/\/pemaejetes.org.al\/#website","url":"http:\/\/pemaejetes.org.al\/","name":"Pema e Jetes","description":"","publisher":{"@id":"http:\/\/pemaejetes.org.al\/#organization"},"potentialAction":[{"@type":"SearchAction","target":{"@type":"EntryPoint","urlTemplate":"http:\/\/pemaejetes.org.al\/?s={search_term_string}"},"query-input":"required name=search_term_string"}],"inLanguage":"en-US"},{"@type":"Organization","@id":"http:\/\/pemaejetes.org.al\/#organization","name":"Pema e Jetes","url":"http:\/\/pemaejetes.org.al\/","logo":{"@type":"ImageObject","inLanguage":"en-US","@id":"http:\/\/pemaejetes.org.al\/#\/schema\/logo\/image\/","url":"https:\/\/pemaejetes.org.al\/wp-content\/uploads\/2024\/04\/LOGO-Pema-e-Jetes-pdf_page-0002-e1712155546269.jpg","contentUrl":"https:\/\/pemaejetes.org.al\/wp-content\/uploads\/2024\/04\/LOGO-Pema-e-Jetes-pdf_page-0002-e1712155546269.jpg","width":657,"height":610,"caption":"Pema e Jetes"},"image":{"@id":"http:\/\/pemaejetes.org.al\/#\/schema\/logo\/image\/"}}]}},"_links":{"self":[{"href":"https:\/\/pemaejetes.org.al\/index.php\/wp-json\/wp\/v2\/pages\/1063","targetHints":{"allow":["GET"]}}],"collection":[{"href":"https:\/\/pemaejetes.org.al\/index.php\/wp-json\/wp\/v2\/pages"}],"about":[{"href":"https:\/\/pemaejetes.org.al\/index.php\/wp-json\/wp\/v2\/types\/page"}],"author":[{"embeddable":true,"href":"https:\/\/pemaejetes.org.al\/index.php\/wp-json\/wp\/v2\/users\/1"}],"replies":[{"embeddable":true,"href":"https:\/\/pemaejetes.org.al\/index.php\/wp-json\/wp\/v2\/comments?post=1063"}],"version-history":[{"count":4,"href":"https:\/\/pemaejetes.org.al\/index.php\/wp-json\/wp\/v2\/pages\/1063\/revisions"}],"predecessor-version":[{"id":1067,"href":"https:\/\/pemaejetes.org.al\/index.php\/wp-json\/wp\/v2\/pages\/1063\/revisions\/1067"}],"wp:attachment":[{"href":"https:\/\/pemaejetes.org.al\/index.php\/wp-json\/wp\/v2\/media?parent=1063"}],"curies":[{"name":"wp","href":"https:\/\/api.w.org\/{rel}","templated":true}]}}