{"id":944,"date":"2024-05-02T20:30:51","date_gmt":"2024-05-02T20:30:51","guid":{"rendered":"https:\/\/pemaejetes.org.al\/?page_id=944"},"modified":"2024-05-02T20:34:10","modified_gmt":"2024-05-02T20:34:10","slug":"histori-pacienti","status":"publish","type":"page","link":"http:\/\/pemaejetes.org.al\/index.php\/histori-pacienti\/","title":{"rendered":"Histori  pacienti"},"content":{"rendered":"\t\t<div data-elementor-type=\"wp-page\" data-elementor-id=\"944\" class=\"elementor elementor-944\">\n\t\t\t\t<div class=\"elementor-element elementor-element-b228e83 e-flex e-con-boxed e-con e-parent\" data-id=\"b228e83\" data-element_type=\"container\" data-settings=\"{&quot;_ha_eqh_enable&quot;:false}\" data-core-v316-plus=\"true\">\n\t\t\t\t\t<div class=\"e-con-inner\">\n\t\t\t\t<div class=\"elementor-element elementor-element-af7b5f8 elementor-grid-3 elementor-grid-tablet-2 elementor-grid-mobile-1 elementor-posts--thumbnail-top elementor-card-shadow-yes elementor-posts__hover-gradient elementor-widget elementor-widget-posts\" data-id=\"af7b5f8\" data-element_type=\"widget\" data-settings=\"{&quot;cards_columns&quot;:&quot;3&quot;,&quot;cards_columns_tablet&quot;:&quot;2&quot;,&quot;cards_columns_mobile&quot;:&quot;1&quot;,&quot;cards_row_gap&quot;:{&quot;unit&quot;:&quot;px&quot;,&quot;size&quot;:35,&quot;sizes&quot;:[]},&quot;cards_row_gap_tablet&quot;:{&quot;unit&quot;:&quot;px&quot;,&quot;size&quot;:&quot;&quot;,&quot;sizes&quot;:[]},&quot;cards_row_gap_mobile&quot;:{&quot;unit&quot;:&quot;px&quot;,&quot;size&quot;:&quot;&quot;,&quot;sizes&quot;:[]}}\" data-widget_type=\"posts.cards\">\n\t\t\t\t<div class=\"elementor-widget-container\">\n\t\t\t<link rel=\"stylesheet\" href=\"https:\/\/pemaejetes.org.al\/wp-content\/plugins\/elementor-pro\/assets\/css\/widget-posts.min.css\">\t\t<div class=\"elementor-posts-container elementor-posts elementor-posts--skin-cards elementor-grid\">\n\t\t\t\t<article class=\"elementor-post elementor-grid-item post-1486 post type-post status-publish format-standard has-post-thumbnail hentry category-histori-pacienti category-multimedia\">\n\t\t\t<div class=\"elementor-post__card\">\n\t\t\t\t<a class=\"elementor-post__thumbnail__link\" href=\"http:\/\/pemaejetes.org.al\/index.php\/2024\/06\/03\/dikur-thosha-une-nuk-mund-ta-bej-kete-dhe-tani-une-them-po-une-mundem\/\" ><div class=\"elementor-post__thumbnail\"><img fetchpriority=\"high\" decoding=\"async\" width=\"300\" height=\"179\" src=\"http:\/\/pemaejetes.org.al\/wp-content\/uploads\/2024\/06\/FB_IMG_1717439940519-300x179.jpg\" class=\"attachment-medium size-medium wp-image-1487\" alt=\"\" srcset=\"http:\/\/pemaejetes.org.al\/wp-content\/uploads\/2024\/06\/FB_IMG_1717439940519-300x179.jpg 300w, http:\/\/pemaejetes.org.al\/wp-content\/uploads\/2024\/06\/FB_IMG_1717439940519.jpg 750w\" sizes=\"(max-width: 300px) 100vw, 300px\" \/><\/div><\/a>\n\t\t\t\t<div class=\"elementor-post__text\">\n\t\t\t\t<h3 class=\"elementor-post__title\">\n\t\t\t<a href=\"http:\/\/pemaejetes.org.al\/index.php\/2024\/06\/03\/dikur-thosha-une-nuk-mund-ta-bej-kete-dhe-tani-une-them-po-une-mundem\/\" >\n\t\t\t\tDikur thosha, &#8220;Un\u00eb nuk mund ta b\u00ebj k\u00ebt\u00eb&#8221; \u2026 dhe tani un\u00eb them, &#8220;Po, un\u00eb mundem!&#8221;\t\t\t<\/a>\n\t\t<\/h3>\n\t\t\t\t<\/div>\n\t\t\t\t\t<\/div>\n\t\t<\/article>\n\t\t\t\t<article class=\"elementor-post elementor-grid-item post-1359 post type-post status-publish format-standard has-post-thumbnail hentry category-histori-pacienti category-multimedia\">\n\t\t\t<div class=\"elementor-post__card\">\n\t\t\t\t<a class=\"elementor-post__thumbnail__link\" href=\"http:\/\/pemaejetes.org.al\/index.php\/2024\/05\/13\/denisa-ate-dite-une-kerceva-ne-qiellin-e-shtate\/\" ><div class=\"elementor-post__thumbnail\"><img decoding=\"async\" width=\"169\" height=\"300\" src=\"http:\/\/pemaejetes.org.al\/wp-content\/uploads\/2024\/05\/WhatsApp-Image-2024-04-28-at-1.20.09-PM-3-169x300.jpeg\" class=\"attachment-medium size-medium wp-image-1363\" alt=\"\" srcset=\"http:\/\/pemaejetes.org.al\/wp-content\/uploads\/2024\/05\/WhatsApp-Image-2024-04-28-at-1.20.09-PM-3-169x300.jpeg 169w, http:\/\/pemaejetes.org.al\/wp-content\/uploads\/2024\/05\/WhatsApp-Image-2024-04-28-at-1.20.09-PM-3-576x1024.jpeg 576w, http:\/\/pemaejetes.org.al\/wp-content\/uploads\/2024\/05\/WhatsApp-Image-2024-04-28-at-1.20.09-PM-3-768x1365.jpeg 768w, http:\/\/pemaejetes.org.al\/wp-content\/uploads\/2024\/05\/WhatsApp-Image-2024-04-28-at-1.20.09-PM-3-864x1536.jpeg 864w, http:\/\/pemaejetes.org.al\/wp-content\/uploads\/2024\/05\/WhatsApp-Image-2024-04-28-at-1.20.09-PM-3.jpeg 1080w\" sizes=\"(max-width: 169px) 100vw, 169px\" \/><\/div><\/a>\n\t\t\t\t<div class=\"elementor-post__text\">\n\t\t\t\t<h3 class=\"elementor-post__title\">\n\t\t\t<a href=\"http:\/\/pemaejetes.org.al\/index.php\/2024\/05\/13\/denisa-ate-dite-une-kerceva-ne-qiellin-e-shtate\/\" >\n\t\t\t\tDenisa: &#8220;Ate dite une kerceva ne Qiellin e Shtate&#8221;\t\t\t<\/a>\n\t\t<\/h3>\n\t\t\t\t<\/div>\n\t\t\t\t\t<\/div>\n\t\t<\/article>\n\t\t\t\t<article class=\"elementor-post elementor-grid-item post-1128 post type-post status-publish format-standard has-post-thumbnail hentry category-histori-pacienti category-multimedia\">\n\t\t\t<div class=\"elementor-post__card\">\n\t\t\t\t<a class=\"elementor-post__thumbnail__link\" href=\"http:\/\/pemaejetes.org.al\/index.php\/2024\/05\/10\/tanush-caushi-historia-e-tij-inspiruese-ne-luften-kunder-sklerozes-multiple\/\" ><div class=\"elementor-post__thumbnail\"><img decoding=\"async\" width=\"300\" height=\"169\" src=\"http:\/\/pemaejetes.org.al\/wp-content\/uploads\/2024\/05\/WhatsApp-Image-2023-10-27-at-9.10.11-PM-300x169.jpeg\" class=\"attachment-medium size-medium wp-image-1136\" alt=\"\" srcset=\"http:\/\/pemaejetes.org.al\/wp-content\/uploads\/2024\/05\/WhatsApp-Image-2023-10-27-at-9.10.11-PM-300x169.jpeg 300w, http:\/\/pemaejetes.org.al\/wp-content\/uploads\/2024\/05\/WhatsApp-Image-2023-10-27-at-9.10.11-PM-1024x576.jpeg 1024w, http:\/\/pemaejetes.org.al\/wp-content\/uploads\/2024\/05\/WhatsApp-Image-2023-10-27-at-9.10.11-PM-768x432.jpeg 768w, http:\/\/pemaejetes.org.al\/wp-content\/uploads\/2024\/05\/WhatsApp-Image-2023-10-27-at-9.10.11-PM-1536x864.jpeg 1536w, http:\/\/pemaejetes.org.al\/wp-content\/uploads\/2024\/05\/WhatsApp-Image-2023-10-27-at-9.10.11-PM.jpeg 1599w\" sizes=\"(max-width: 300px) 100vw, 300px\" \/><\/div><\/a>\n\t\t\t\t<div class=\"elementor-post__text\">\n\t\t\t\t<h3 class=\"elementor-post__title\">\n\t\t\t<a href=\"http:\/\/pemaejetes.org.al\/index.php\/2024\/05\/10\/tanush-caushi-historia-e-tij-inspiruese-ne-luften-kunder-sklerozes-multiple\/\" >\n\t\t\t\tTanush \u00c7aushi: Historia e tij inspiruese ne Luft\u00ebn kund\u00ebr Skleroz\u00ebs Multiple\t\t\t<\/a>\n\t\t<\/h3>\n\t\t\t\t<\/div>\n\t\t\t\t\t<\/div>\n\t\t<\/article>\n\t\t\t\t<article class=\"elementor-post elementor-grid-item post-1105 post type-post status-publish format-standard has-post-thumbnail hentry category-histori-pacienti category-multimedia\">\n\t\t\t<div class=\"elementor-post__card\">\n\t\t\t\t<a class=\"elementor-post__thumbnail__link\" href=\"http:\/\/pemaejetes.org.al\/index.php\/2024\/05\/06\/do-jem-serish-zysha-me-5-cm-taka-2\/\" ><div class=\"elementor-post__thumbnail\"><img loading=\"lazy\" decoding=\"async\" width=\"300\" height=\"251\" src=\"http:\/\/pemaejetes.org.al\/wp-content\/uploads\/2024\/05\/WhatsApp-Image-2024-04-28-at-1.33.43-PM-2-300x251.jpeg\" class=\"attachment-medium size-medium wp-image-940\" alt=\"\" srcset=\"http:\/\/pemaejetes.org.al\/wp-content\/uploads\/2024\/05\/WhatsApp-Image-2024-04-28-at-1.33.43-PM-2-300x251.jpeg 300w, http:\/\/pemaejetes.org.al\/wp-content\/uploads\/2024\/05\/WhatsApp-Image-2024-04-28-at-1.33.43-PM-2-768x644.jpeg 768w, http:\/\/pemaejetes.org.al\/wp-content\/uploads\/2024\/05\/WhatsApp-Image-2024-04-28-at-1.33.43-PM-2-14x12.jpeg 14w, http:\/\/pemaejetes.org.al\/wp-content\/uploads\/2024\/05\/WhatsApp-Image-2024-04-28-at-1.33.43-PM-2.jpeg 940w\" sizes=\"(max-width: 300px) 100vw, 300px\" \/><\/div><\/a>\n\t\t\t\t<div class=\"elementor-post__text\">\n\t\t\t\t<h3 class=\"elementor-post__title\">\n\t\t\t<a href=\"http:\/\/pemaejetes.org.al\/index.php\/2024\/05\/06\/do-jem-serish-zysha-me-5-cm-taka-2\/\" >\n\t\t\t\tDo jem serish Zysha me 5-cm taka\t\t\t<\/a>\n\t\t<\/h3>\n\t\t\t\t<\/div>\n\t\t\t\t\t<\/div>\n\t\t<\/article>\n\t\t\t\t<article class=\"elementor-post elementor-grid-item post-942 post type-post status-publish format-standard has-post-thumbnail hentry category-histori-pacienti category-multimedia tag-fondacionipemaejetes tag-sklerozamultiple\">\n\t\t\t<div class=\"elementor-post__card\">\n\t\t\t\t<a class=\"elementor-post__thumbnail__link\" href=\"http:\/\/pemaejetes.org.al\/index.php\/2024\/05\/02\/do-jem-serish-zysha-me-5-cm-taka\/\" ><div class=\"elementor-post__thumbnail\"><img loading=\"lazy\" decoding=\"async\" width=\"300\" height=\"251\" src=\"http:\/\/pemaejetes.org.al\/wp-content\/uploads\/2024\/05\/WhatsApp-Image-2024-04-28-at-1.33.44-PM-300x251.jpeg\" class=\"attachment-medium size-medium wp-image-941\" alt=\"\" srcset=\"http:\/\/pemaejetes.org.al\/wp-content\/uploads\/2024\/05\/WhatsApp-Image-2024-04-28-at-1.33.44-PM-300x251.jpeg 300w, http:\/\/pemaejetes.org.al\/wp-content\/uploads\/2024\/05\/WhatsApp-Image-2024-04-28-at-1.33.44-PM-768x644.jpeg 768w, http:\/\/pemaejetes.org.al\/wp-content\/uploads\/2024\/05\/WhatsApp-Image-2024-04-28-at-1.33.44-PM-14x12.jpeg 14w, http:\/\/pemaejetes.org.al\/wp-content\/uploads\/2024\/05\/WhatsApp-Image-2024-04-28-at-1.33.44-PM.jpeg 940w\" sizes=\"(max-width: 300px) 100vw, 300px\" \/><\/div><\/a>\n\t\t\t\t<div class=\"elementor-post__text\">\n\t\t\t\t<h3 class=\"elementor-post__title\">\n\t\t\t<a href=\"http:\/\/pemaejetes.org.al\/index.php\/2024\/05\/02\/do-jem-serish-zysha-me-5-cm-taka\/\" >\n\t\t\t\tDo jem serish Zysha me 5-cm taka\t\t\t<\/a>\n\t\t<\/h3>\n\t\t\t\t<\/div>\n\t\t\t\t\t<\/div>\n\t\t<\/article>\n\t\t\t\t<\/div>\n\t\t\n\t\t\t\t<\/div>\n\t\t\t\t<\/div>\n\t\t\t\t\t<\/div>\n\t\t\t\t<\/div>\n\t\t\t\t<\/div>\n\t\t","protected":false},"excerpt":{"rendered":"","protected":false},"author":1,"featured_media":0,"parent":0,"menu_order":0,"comment_status":"closed","ping_status":"closed","template":"elementor_header_footer","meta":{"footnotes":""},"class_list":["post-944","page","type-page","status-publish","hentry"],"acf":[],"yoast_head":"<!-- This site is optimized with the Yoast SEO plugin v22.6 - https:\/\/yoast.com\/wordpress\/plugins\/seo\/ -->\n<title>Histori pacienti - Pema e Jetes<\/title>\n<meta name=\"robots\" content=\"index, follow, max-snippet:-1, max-image-preview:large, max-video-preview:-1\" \/>\n<link rel=\"canonical\" href=\"http:\/\/pemaejetes.org.al\/index.php\/histori-pacienti\/\" \/>\n<meta property=\"og:locale\" content=\"en_US\" \/>\n<meta property=\"og:type\" content=\"article\" \/>\n<meta property=\"og:title\" content=\"Histori pacienti - Pema e Jetes\" \/>\n<meta property=\"og:url\" content=\"http:\/\/pemaejetes.org.al\/index.php\/histori-pacienti\/\" \/>\n<meta property=\"og:site_name\" content=\"Pema e Jetes\" \/>\n<meta property=\"article:modified_time\" content=\"2024-05-02T20:34:10+00:00\" \/>\n<meta name=\"twitter:card\" content=\"summary_large_image\" \/>\n<script type=\"application\/ld+json\" class=\"yoast-schema-graph\">{\"@context\":\"https:\/\/schema.org\",\"@graph\":[{\"@type\":\"WebPage\",\"@id\":\"http:\/\/pemaejetes.org.al\/index.php\/histori-pacienti\/\",\"url\":\"http:\/\/pemaejetes.org.al\/index.php\/histori-pacienti\/\",\"name\":\"Histori pacienti - Pema e Jetes\",\"isPartOf\":{\"@id\":\"https:\/\/pemaejetes.org.al\/#website\"},\"datePublished\":\"2024-05-02T20:30:51+00:00\",\"dateModified\":\"2024-05-02T20:34:10+00:00\",\"breadcrumb\":{\"@id\":\"http:\/\/pemaejetes.org.al\/index.php\/histori-pacienti\/#breadcrumb\"},\"inLanguage\":\"en-US\",\"potentialAction\":[{\"@type\":\"ReadAction\",\"target\":[\"http:\/\/pemaejetes.org.al\/index.php\/histori-pacienti\/\"]}]},{\"@type\":\"BreadcrumbList\",\"@id\":\"http:\/\/pemaejetes.org.al\/index.php\/histori-pacienti\/#breadcrumb\",\"itemListElement\":[{\"@type\":\"ListItem\",\"position\":1,\"name\":\"Home\",\"item\":\"https:\/\/pemaejetes.org.al\/\"},{\"@type\":\"ListItem\",\"position\":2,\"name\":\"Histori pacienti\"}]},{\"@type\":\"WebSite\",\"@id\":\"https:\/\/pemaejetes.org.al\/#website\",\"url\":\"https:\/\/pemaejetes.org.al\/\",\"name\":\"Pema e Jetes\",\"description\":\"\",\"publisher\":{\"@id\":\"https:\/\/pemaejetes.org.al\/#organization\"},\"potentialAction\":[{\"@type\":\"SearchAction\",\"target\":{\"@type\":\"EntryPoint\",\"urlTemplate\":\"https:\/\/pemaejetes.org.al\/?s={search_term_string}\"},\"query-input\":\"required name=search_term_string\"}],\"inLanguage\":\"en-US\"},{\"@type\":\"Organization\",\"@id\":\"https:\/\/pemaejetes.org.al\/#organization\",\"name\":\"Pema e Jetes\",\"url\":\"https:\/\/pemaejetes.org.al\/\",\"logo\":{\"@type\":\"ImageObject\",\"inLanguage\":\"en-US\",\"@id\":\"https:\/\/pemaejetes.org.al\/#\/schema\/logo\/image\/\",\"url\":\"http:\/\/pemaejetes.org.al\/wp-content\/uploads\/2024\/04\/LOGO-Pema-e-Jetes-pdf_page-0002-e1712155546269.jpg\",\"contentUrl\":\"http:\/\/pemaejetes.org.al\/wp-content\/uploads\/2024\/04\/LOGO-Pema-e-Jetes-pdf_page-0002-e1712155546269.jpg\",\"width\":657,\"height\":610,\"caption\":\"Pema e Jetes\"},\"image\":{\"@id\":\"https:\/\/pemaejetes.org.al\/#\/schema\/logo\/image\/\"}}]}<\/script>\n<!-- \/ Yoast SEO plugin. -->","yoast_head_json":{"title":"Histori pacienti - Pema e Jetes","robots":{"index":"index","follow":"follow","max-snippet":"max-snippet:-1","max-image-preview":"max-image-preview:large","max-video-preview":"max-video-preview:-1"},"canonical":"http:\/\/pemaejetes.org.al\/index.php\/histori-pacienti\/","og_locale":"en_US","og_type":"article","og_title":"Histori pacienti - Pema e Jetes","og_url":"http:\/\/pemaejetes.org.al\/index.php\/histori-pacienti\/","og_site_name":"Pema e Jetes","article_modified_time":"2024-05-02T20:34:10+00:00","twitter_card":"summary_large_image","schema":{"@context":"https:\/\/schema.org","@graph":[{"@type":"WebPage","@id":"http:\/\/pemaejetes.org.al\/index.php\/histori-pacienti\/","url":"http:\/\/pemaejetes.org.al\/index.php\/histori-pacienti\/","name":"Histori pacienti - Pema e Jetes","isPartOf":{"@id":"https:\/\/pemaejetes.org.al\/#website"},"datePublished":"2024-05-02T20:30:51+00:00","dateModified":"2024-05-02T20:34:10+00:00","breadcrumb":{"@id":"http:\/\/pemaejetes.org.al\/index.php\/histori-pacienti\/#breadcrumb"},"inLanguage":"en-US","potentialAction":[{"@type":"ReadAction","target":["http:\/\/pemaejetes.org.al\/index.php\/histori-pacienti\/"]}]},{"@type":"BreadcrumbList","@id":"http:\/\/pemaejetes.org.al\/index.php\/histori-pacienti\/#breadcrumb","itemListElement":[{"@type":"ListItem","position":1,"name":"Home","item":"https:\/\/pemaejetes.org.al\/"},{"@type":"ListItem","position":2,"name":"Histori pacienti"}]},{"@type":"WebSite","@id":"https:\/\/pemaejetes.org.al\/#website","url":"https:\/\/pemaejetes.org.al\/","name":"Pema e Jetes","description":"","publisher":{"@id":"https:\/\/pemaejetes.org.al\/#organization"},"potentialAction":[{"@type":"SearchAction","target":{"@type":"EntryPoint","urlTemplate":"https:\/\/pemaejetes.org.al\/?s={search_term_string}"},"query-input":"required name=search_term_string"}],"inLanguage":"en-US"},{"@type":"Organization","@id":"https:\/\/pemaejetes.org.al\/#organization","name":"Pema e Jetes","url":"https:\/\/pemaejetes.org.al\/","logo":{"@type":"ImageObject","inLanguage":"en-US","@id":"https:\/\/pemaejetes.org.al\/#\/schema\/logo\/image\/","url":"http:\/\/pemaejetes.org.al\/wp-content\/uploads\/2024\/04\/LOGO-Pema-e-Jetes-pdf_page-0002-e1712155546269.jpg","contentUrl":"http:\/\/pemaejetes.org.al\/wp-content\/uploads\/2024\/04\/LOGO-Pema-e-Jetes-pdf_page-0002-e1712155546269.jpg","width":657,"height":610,"caption":"Pema e Jetes"},"image":{"@id":"https:\/\/pemaejetes.org.al\/#\/schema\/logo\/image\/"}}]}},"_links":{"self":[{"href":"http:\/\/pemaejetes.org.al\/index.php\/wp-json\/wp\/v2\/pages\/944","targetHints":{"allow":["GET"]}}],"collection":[{"href":"http:\/\/pemaejetes.org.al\/index.php\/wp-json\/wp\/v2\/pages"}],"about":[{"href":"http:\/\/pemaejetes.org.al\/index.php\/wp-json\/wp\/v2\/types\/page"}],"author":[{"embeddable":true,"href":"http:\/\/pemaejetes.org.al\/index.php\/wp-json\/wp\/v2\/users\/1"}],"replies":[{"embeddable":true,"href":"http:\/\/pemaejetes.org.al\/index.php\/wp-json\/wp\/v2\/comments?post=944"}],"version-history":[{"count":5,"href":"http:\/\/pemaejetes.org.al\/index.php\/wp-json\/wp\/v2\/pages\/944\/revisions"}],"predecessor-version":[{"id":949,"href":"http:\/\/pemaejetes.org.al\/index.php\/wp-json\/wp\/v2\/pages\/944\/revisions\/949"}],"wp:attachment":[{"href":"http:\/\/pemaejetes.org.al\/index.php\/wp-json\/wp\/v2\/media?parent=944"}],"curies":[{"name":"wp","href":"https:\/\/api.w.org\/{rel}","templated":true}]}}