{"id":834,"date":"2024-04-26T15:01:49","date_gmt":"2024-04-26T15:01:49","guid":{"rendered":"https:\/\/pemaejetes.org.al\/?page_id=834"},"modified":"2024-04-26T15:03:55","modified_gmt":"2024-04-26T15:03:55","slug":"te-drejtat-dhe-kontributet","status":"publish","type":"page","link":"http:\/\/pemaejetes.org.al\/index.php\/te-drejtat-dhe-kontributet\/","title":{"rendered":"TE DREJTAT DHE KONTRIBUTET"},"content":{"rendered":"\t\t<div data-elementor-type=\"wp-page\" data-elementor-id=\"834\" class=\"elementor elementor-834\">\n\t\t\t\t<div class=\"elementor-element elementor-element-e02880b e-flex e-con-boxed e-con e-parent\" data-id=\"e02880b\" data-element_type=\"container\" data-settings=\"{&quot;_ha_eqh_enable&quot;:false}\" data-core-v316-plus=\"true\">\n\t\t\t\t\t<div class=\"e-con-inner\">\n\t\t\t\t<div class=\"elementor-element elementor-element-9221045 elementor-widget elementor-widget-text-editor\" data-id=\"9221045\" data-element_type=\"widget\" data-widget_type=\"text-editor.default\">\n\t\t\t\t<div class=\"elementor-widget-container\">\n\t\t\t<style>\/*! elementor - v3.20.0 - 26-03-2024 *\/\n.elementor-widget-text-editor.elementor-drop-cap-view-stacked .elementor-drop-cap{background-color:#69727d;color:#fff}.elementor-widget-text-editor.elementor-drop-cap-view-framed .elementor-drop-cap{color:#69727d;border:3px solid;background-color:transparent}.elementor-widget-text-editor:not(.elementor-drop-cap-view-default) .elementor-drop-cap{margin-top:8px}.elementor-widget-text-editor:not(.elementor-drop-cap-view-default) .elementor-drop-cap-letter{width:1em;height:1em}.elementor-widget-text-editor .elementor-drop-cap{float:left;text-align:center;line-height:1;font-size:50px}.elementor-widget-text-editor .elementor-drop-cap-letter{display:inline-block}<\/style>\t\t\t\t<p><strong>T\u00eb Drejtat dhe Kontributet e An\u00ebtar\u00ebve t\u00eb Fondacionit &#8220;Pema e Jet\u00ebs&#8221;<\/strong><\/p><p>An\u00ebtar\u00ebsimi n\u00eb Fondacionin &#8220;Pema e Jet\u00ebs&#8221; ofron nj\u00eb mund\u00ebsi unike p\u00ebr t\u00eb ndikuar n\u00eb jet\u00ebt e atyre q\u00eb p\u00ebrballen me s\u00ebmundje kronike. Ne vler\u00ebsojm\u00eb \u00e7do kontribut dhe angazhim nga an\u00ebtar\u00ebt tan\u00eb dhe garantojm\u00eb respekt t\u00eb plot\u00eb p\u00ebr t\u00eb drejtat e tyre.<\/p><p><strong>T\u00eb Drejtat e An\u00ebtar\u00ebve:<\/strong><\/p><ul><li><strong>T\u00eb Drejtat p\u00ebr Informacion<\/strong>: \u00c7do an\u00ebtar ka t\u00eb drejt\u00ebn t\u00eb informohet rregullisht p\u00ebr aktivitetet dhe progresin e Fondacionit.<\/li><li><strong>T\u00eb Drejtat p\u00ebr Pjes\u00ebmarrje<\/strong>: An\u00ebtar\u00ebt jan\u00eb t\u00eb ftuar t\u00eb marrin pjes\u00eb aktivisht n\u00eb ngjarjet dhe vendimmarrjet e Fondacionit.<\/li><li><strong>Privat\u00ebsia dhe Mbrojtja e t\u00eb Dh\u00ebnave<\/strong>: Fondacioni angazhohet t\u00eb mbroj\u00eb t\u00eb dh\u00ebnat personale dhe t\u00eb respektoj\u00eb privat\u00ebsin\u00eb e an\u00ebtar\u00ebve sipas ligjeve n\u00eb fuqi.<\/li><\/ul><p><strong>Kontributet e An\u00ebtar\u00ebve:<\/strong><\/p><ul><li><strong>Kontributet Financiare<\/strong>: An\u00ebtar\u00ebt mund t\u00eb ndihmojn\u00eb fondacionin p\u00ebrmes tarifave t\u00eb an\u00ebtar\u00ebsimit dhe donacioneve t\u00eb tjera financiare.<\/li><li><strong>Koha dhe Aft\u00ebsit\u00eb<\/strong>: An\u00ebtar\u00ebt mund t\u00eb ofrojn\u00eb koh\u00ebn dhe aft\u00ebsit\u00eb e tyre p\u00ebrmes vullnetarizmit n\u00eb projekte dhe aktivitete t\u00eb ndryshme.<\/li><li><strong>Nd\u00ebrgjegj\u00ebsimi dhe Avokimi<\/strong>: An\u00ebtar\u00ebt jan\u00eb ambasador\u00eb t\u00eb Fondacionit, duke ndihmuar n\u00eb ngritjen e nd\u00ebrgjegj\u00ebsimit dhe n\u00eb avokimin p\u00ebr \u00e7\u00ebshtjet q\u00eb mb\u00ebshtet fondacioni.<\/li><\/ul><p><strong>Bashkohu me Ne!<\/strong><\/p><p>Bashkohuni me Fondacionin &#8220;Pema e Jet\u00ebs&#8221; dhe kontribuoni n\u00eb nj\u00eb ndryshim t\u00eb v\u00ebrtet\u00eb n\u00eb komunitetin tuaj dhe p\u00ebrtej tij. \u00c7do kontribut, i madh apo i vog\u00ebl, luan nj\u00eb rol t\u00eb r\u00ebnd\u00ebsish\u00ebm n\u00eb mb\u00ebshtetjen e misionit ton\u00eb p\u00ebr t\u00eb p\u00ebrmir\u00ebsuar jet\u00ebt e njer\u00ebzve q\u00eb p\u00ebrballen me s\u00ebmundje kronike.<\/p>\t\t\t\t\t\t<\/div>\n\t\t\t\t<\/div>\n\t\t\t\t\t<\/div>\n\t\t\t\t<\/div>\n\t\t<div class=\"elementor-element elementor-element-feb23ff e-flex e-con-boxed e-con e-parent\" data-id=\"feb23ff\" data-element_type=\"container\" data-settings=\"{&quot;_ha_eqh_enable&quot;:false}\" data-core-v316-plus=\"true\">\n\t\t\t\t\t<div class=\"e-con-inner\">\n\t\t\t\t<div class=\"elementor-element elementor-element-6e660f4 elementor-widget elementor-widget-image\" data-id=\"6e660f4\" data-element_type=\"widget\" data-widget_type=\"image.default\">\n\t\t\t\t<div class=\"elementor-widget-container\">\n\t\t\t<style>\/*! elementor - v3.20.0 - 26-03-2024 *\/\n.elementor-widget-image{text-align:center}.elementor-widget-image a{display:inline-block}.elementor-widget-image a img[src$=\".svg\"]{width:48px}.elementor-widget-image img{vertical-align:middle;display:inline-block}<\/style>\t\t\t\t\t\t\t\t\t\t<img fetchpriority=\"high\" decoding=\"async\" width=\"399\" height=\"402\" src=\"http:\/\/pemaejetes.org.al\/wp-content\/uploads\/2024\/04\/dddd.png\" class=\"attachment-large size-large wp-image-836\" alt=\"\" srcset=\"http:\/\/pemaejetes.org.al\/wp-content\/uploads\/2024\/04\/dddd.png 399w, http:\/\/pemaejetes.org.al\/wp-content\/uploads\/2024\/04\/dddd-298x300.png 298w, http:\/\/pemaejetes.org.al\/wp-content\/uploads\/2024\/04\/dddd-150x150.png 150w, http:\/\/pemaejetes.org.al\/wp-content\/uploads\/2024\/04\/dddd-12x12.png 12w\" sizes=\"(max-width: 399px) 100vw, 399px\" \/>\t\t\t\t\t\t\t\t\t\t\t\t\t<\/div>\n\t\t\t\t<\/div>\n\t\t\t\t\t<\/div>\n\t\t\t\t<\/div>\n\t\t\t\t<\/div>\n\t\t","protected":false},"excerpt":{"rendered":"<p>T\u00eb Drejtat dhe Kontributet e An\u00ebtar\u00ebve t\u00eb Fondacionit &#8220;Pema e Jet\u00ebs&#8221; An\u00ebtar\u00ebsimi n\u00eb Fondacionin &#8220;Pema e Jet\u00ebs&#8221; ofron nj\u00eb mund\u00ebsi unike p\u00ebr t\u00eb ndikuar n\u00eb jet\u00ebt e atyre q\u00eb p\u00ebrballen me s\u00ebmundje kronike. Ne vler\u00ebsojm\u00eb \u00e7do kontribut dhe angazhim nga an\u00ebtar\u00ebt tan\u00eb dhe garantojm\u00eb respekt t\u00eb plot\u00eb p\u00ebr t\u00eb drejtat e tyre. T\u00eb Drejtat e [&hellip;]<\/p>\n","protected":false},"author":1,"featured_media":0,"parent":0,"menu_order":0,"comment_status":"closed","ping_status":"closed","template":"elementor_header_footer","meta":{"footnotes":""},"class_list":["post-834","page","type-page","status-publish","hentry"],"acf":[],"yoast_head":"<!-- This site is optimized with the Yoast SEO plugin v22.6 - https:\/\/yoast.com\/wordpress\/plugins\/seo\/ -->\n<title>TE DREJTAT DHE KONTRIBUTET - Pema e Jetes<\/title>\n<meta name=\"robots\" content=\"index, follow, max-snippet:-1, max-image-preview:large, max-video-preview:-1\" \/>\n<link rel=\"canonical\" href=\"https:\/\/pemaejetes.org.al\/index.php\/te-drejtat-dhe-kontributet\/\" \/>\n<meta property=\"og:locale\" content=\"en_US\" \/>\n<meta property=\"og:type\" content=\"article\" \/>\n<meta property=\"og:title\" content=\"TE DREJTAT DHE KONTRIBUTET - Pema e Jetes\" \/>\n<meta property=\"og:description\" content=\"T\u00eb Drejtat dhe Kontributet e An\u00ebtar\u00ebve t\u00eb Fondacionit &#8220;Pema e Jet\u00ebs&#8221; An\u00ebtar\u00ebsimi n\u00eb Fondacionin &#8220;Pema e Jet\u00ebs&#8221; ofron nj\u00eb mund\u00ebsi unike p\u00ebr t\u00eb ndikuar n\u00eb jet\u00ebt e atyre q\u00eb p\u00ebrballen me s\u00ebmundje kronike. Ne vler\u00ebsojm\u00eb \u00e7do kontribut dhe angazhim nga an\u00ebtar\u00ebt tan\u00eb dhe garantojm\u00eb respekt t\u00eb plot\u00eb p\u00ebr t\u00eb drejtat e tyre. T\u00eb Drejtat e [&hellip;]\" \/>\n<meta property=\"og:url\" content=\"https:\/\/pemaejetes.org.al\/index.php\/te-drejtat-dhe-kontributet\/\" \/>\n<meta property=\"og:site_name\" content=\"Pema e Jetes\" \/>\n<meta property=\"article:modified_time\" content=\"2024-04-26T15:03:55+00:00\" \/>\n<meta property=\"og:image\" content=\"http:\/\/pemaejetes.org.al\/wp-content\/uploads\/2024\/04\/dddd.png\" \/>\n<meta name=\"twitter:card\" content=\"summary_large_image\" \/>\n<meta name=\"twitter:label1\" content=\"Est. reading time\" \/>\n\t<meta name=\"twitter:data1\" content=\"1 minute\" \/>\n<script type=\"application\/ld+json\" class=\"yoast-schema-graph\">{\"@context\":\"https:\/\/schema.org\",\"@graph\":[{\"@type\":\"WebPage\",\"@id\":\"https:\/\/pemaejetes.org.al\/index.php\/te-drejtat-dhe-kontributet\/\",\"url\":\"https:\/\/pemaejetes.org.al\/index.php\/te-drejtat-dhe-kontributet\/\",\"name\":\"TE DREJTAT DHE KONTRIBUTET - Pema e Jetes\",\"isPartOf\":{\"@id\":\"https:\/\/pemaejetes.org.al\/#website\"},\"primaryImageOfPage\":{\"@id\":\"https:\/\/pemaejetes.org.al\/index.php\/te-drejtat-dhe-kontributet\/#primaryimage\"},\"image\":{\"@id\":\"https:\/\/pemaejetes.org.al\/index.php\/te-drejtat-dhe-kontributet\/#primaryimage\"},\"thumbnailUrl\":\"http:\/\/pemaejetes.org.al\/wp-content\/uploads\/2024\/04\/dddd.png\",\"datePublished\":\"2024-04-26T15:01:49+00:00\",\"dateModified\":\"2024-04-26T15:03:55+00:00\",\"breadcrumb\":{\"@id\":\"https:\/\/pemaejetes.org.al\/index.php\/te-drejtat-dhe-kontributet\/#breadcrumb\"},\"inLanguage\":\"en-US\",\"potentialAction\":[{\"@type\":\"ReadAction\",\"target\":[\"https:\/\/pemaejetes.org.al\/index.php\/te-drejtat-dhe-kontributet\/\"]}]},{\"@type\":\"ImageObject\",\"inLanguage\":\"en-US\",\"@id\":\"https:\/\/pemaejetes.org.al\/index.php\/te-drejtat-dhe-kontributet\/#primaryimage\",\"url\":\"http:\/\/pemaejetes.org.al\/wp-content\/uploads\/2024\/04\/dddd.png\",\"contentUrl\":\"http:\/\/pemaejetes.org.al\/wp-content\/uploads\/2024\/04\/dddd.png\",\"width\":399,\"height\":402},{\"@type\":\"BreadcrumbList\",\"@id\":\"https:\/\/pemaejetes.org.al\/index.php\/te-drejtat-dhe-kontributet\/#breadcrumb\",\"itemListElement\":[{\"@type\":\"ListItem\",\"position\":1,\"name\":\"Home\",\"item\":\"https:\/\/pemaejetes.org.al\/\"},{\"@type\":\"ListItem\",\"position\":2,\"name\":\"TE DREJTAT DHE KONTRIBUTET\"}]},{\"@type\":\"WebSite\",\"@id\":\"https:\/\/pemaejetes.org.al\/#website\",\"url\":\"https:\/\/pemaejetes.org.al\/\",\"name\":\"Pema e Jetes\",\"description\":\"\",\"publisher\":{\"@id\":\"https:\/\/pemaejetes.org.al\/#organization\"},\"potentialAction\":[{\"@type\":\"SearchAction\",\"target\":{\"@type\":\"EntryPoint\",\"urlTemplate\":\"https:\/\/pemaejetes.org.al\/?s={search_term_string}\"},\"query-input\":\"required name=search_term_string\"}],\"inLanguage\":\"en-US\"},{\"@type\":\"Organization\",\"@id\":\"https:\/\/pemaejetes.org.al\/#organization\",\"name\":\"Pema e Jetes\",\"url\":\"https:\/\/pemaejetes.org.al\/\",\"logo\":{\"@type\":\"ImageObject\",\"inLanguage\":\"en-US\",\"@id\":\"https:\/\/pemaejetes.org.al\/#\/schema\/logo\/image\/\",\"url\":\"http:\/\/pemaejetes.org.al\/wp-content\/uploads\/2024\/04\/LOGO-Pema-e-Jetes-pdf_page-0002-e1712155546269.jpg\",\"contentUrl\":\"http:\/\/pemaejetes.org.al\/wp-content\/uploads\/2024\/04\/LOGO-Pema-e-Jetes-pdf_page-0002-e1712155546269.jpg\",\"width\":657,\"height\":610,\"caption\":\"Pema e Jetes\"},\"image\":{\"@id\":\"https:\/\/pemaejetes.org.al\/#\/schema\/logo\/image\/\"}}]}<\/script>\n<!-- \/ Yoast SEO plugin. -->","yoast_head_json":{"title":"TE DREJTAT DHE KONTRIBUTET - Pema e Jetes","robots":{"index":"index","follow":"follow","max-snippet":"max-snippet:-1","max-image-preview":"max-image-preview:large","max-video-preview":"max-video-preview:-1"},"canonical":"https:\/\/pemaejetes.org.al\/index.php\/te-drejtat-dhe-kontributet\/","og_locale":"en_US","og_type":"article","og_title":"TE DREJTAT DHE KONTRIBUTET - Pema e Jetes","og_description":"T\u00eb Drejtat dhe Kontributet e An\u00ebtar\u00ebve t\u00eb Fondacionit &#8220;Pema e Jet\u00ebs&#8221; An\u00ebtar\u00ebsimi n\u00eb Fondacionin &#8220;Pema e Jet\u00ebs&#8221; ofron nj\u00eb mund\u00ebsi unike p\u00ebr t\u00eb ndikuar n\u00eb jet\u00ebt e atyre q\u00eb p\u00ebrballen me s\u00ebmundje kronike. Ne vler\u00ebsojm\u00eb \u00e7do kontribut dhe angazhim nga an\u00ebtar\u00ebt tan\u00eb dhe garantojm\u00eb respekt t\u00eb plot\u00eb p\u00ebr t\u00eb drejtat e tyre. T\u00eb Drejtat e [&hellip;]","og_url":"https:\/\/pemaejetes.org.al\/index.php\/te-drejtat-dhe-kontributet\/","og_site_name":"Pema e Jetes","article_modified_time":"2024-04-26T15:03:55+00:00","og_image":[{"url":"http:\/\/pemaejetes.org.al\/wp-content\/uploads\/2024\/04\/dddd.png"}],"twitter_card":"summary_large_image","twitter_misc":{"Est. reading time":"1 minute"},"schema":{"@context":"https:\/\/schema.org","@graph":[{"@type":"WebPage","@id":"https:\/\/pemaejetes.org.al\/index.php\/te-drejtat-dhe-kontributet\/","url":"https:\/\/pemaejetes.org.al\/index.php\/te-drejtat-dhe-kontributet\/","name":"TE DREJTAT DHE KONTRIBUTET - Pema e Jetes","isPartOf":{"@id":"https:\/\/pemaejetes.org.al\/#website"},"primaryImageOfPage":{"@id":"https:\/\/pemaejetes.org.al\/index.php\/te-drejtat-dhe-kontributet\/#primaryimage"},"image":{"@id":"https:\/\/pemaejetes.org.al\/index.php\/te-drejtat-dhe-kontributet\/#primaryimage"},"thumbnailUrl":"http:\/\/pemaejetes.org.al\/wp-content\/uploads\/2024\/04\/dddd.png","datePublished":"2024-04-26T15:01:49+00:00","dateModified":"2024-04-26T15:03:55+00:00","breadcrumb":{"@id":"https:\/\/pemaejetes.org.al\/index.php\/te-drejtat-dhe-kontributet\/#breadcrumb"},"inLanguage":"en-US","potentialAction":[{"@type":"ReadAction","target":["https:\/\/pemaejetes.org.al\/index.php\/te-drejtat-dhe-kontributet\/"]}]},{"@type":"ImageObject","inLanguage":"en-US","@id":"https:\/\/pemaejetes.org.al\/index.php\/te-drejtat-dhe-kontributet\/#primaryimage","url":"http:\/\/pemaejetes.org.al\/wp-content\/uploads\/2024\/04\/dddd.png","contentUrl":"http:\/\/pemaejetes.org.al\/wp-content\/uploads\/2024\/04\/dddd.png","width":399,"height":402},{"@type":"BreadcrumbList","@id":"https:\/\/pemaejetes.org.al\/index.php\/te-drejtat-dhe-kontributet\/#breadcrumb","itemListElement":[{"@type":"ListItem","position":1,"name":"Home","item":"https:\/\/pemaejetes.org.al\/"},{"@type":"ListItem","position":2,"name":"TE DREJTAT DHE KONTRIBUTET"}]},{"@type":"WebSite","@id":"https:\/\/pemaejetes.org.al\/#website","url":"https:\/\/pemaejetes.org.al\/","name":"Pema e Jetes","description":"","publisher":{"@id":"https:\/\/pemaejetes.org.al\/#organization"},"potentialAction":[{"@type":"SearchAction","target":{"@type":"EntryPoint","urlTemplate":"https:\/\/pemaejetes.org.al\/?s={search_term_string}"},"query-input":"required name=search_term_string"}],"inLanguage":"en-US"},{"@type":"Organization","@id":"https:\/\/pemaejetes.org.al\/#organization","name":"Pema e Jetes","url":"https:\/\/pemaejetes.org.al\/","logo":{"@type":"ImageObject","inLanguage":"en-US","@id":"https:\/\/pemaejetes.org.al\/#\/schema\/logo\/image\/","url":"http:\/\/pemaejetes.org.al\/wp-content\/uploads\/2024\/04\/LOGO-Pema-e-Jetes-pdf_page-0002-e1712155546269.jpg","contentUrl":"http:\/\/pemaejetes.org.al\/wp-content\/uploads\/2024\/04\/LOGO-Pema-e-Jetes-pdf_page-0002-e1712155546269.jpg","width":657,"height":610,"caption":"Pema e Jetes"},"image":{"@id":"https:\/\/pemaejetes.org.al\/#\/schema\/logo\/image\/"}}]}},"_links":{"self":[{"href":"http:\/\/pemaejetes.org.al\/index.php\/wp-json\/wp\/v2\/pages\/834","targetHints":{"allow":["GET"]}}],"collection":[{"href":"http:\/\/pemaejetes.org.al\/index.php\/wp-json\/wp\/v2\/pages"}],"about":[{"href":"http:\/\/pemaejetes.org.al\/index.php\/wp-json\/wp\/v2\/types\/page"}],"author":[{"embeddable":true,"href":"http:\/\/pemaejetes.org.al\/index.php\/wp-json\/wp\/v2\/users\/1"}],"replies":[{"embeddable":true,"href":"http:\/\/pemaejetes.org.al\/index.php\/wp-json\/wp\/v2\/comments?post=834"}],"version-history":[{"count":7,"href":"http:\/\/pemaejetes.org.al\/index.php\/wp-json\/wp\/v2\/pages\/834\/revisions"}],"predecessor-version":[{"id":843,"href":"http:\/\/pemaejetes.org.al\/index.php\/wp-json\/wp\/v2\/pages\/834\/revisions\/843"}],"wp:attachment":[{"href":"http:\/\/pemaejetes.org.al\/index.php\/wp-json\/wp\/v2\/media?parent=834"}],"curies":[{"name":"wp","href":"https:\/\/api.w.org\/{rel}","templated":true}]}}