{"id":704,"date":"2024-04-21T21:56:31","date_gmt":"2024-04-21T21:56:31","guid":{"rendered":"https:\/\/pemaejetes.org.al\/?page_id=704"},"modified":"2024-05-02T20:00:22","modified_gmt":"2024-05-02T20:00:22","slug":"iniciative","status":"publish","type":"page","link":"http:\/\/pemaejetes.org.al\/index.php\/iniciative\/","title":{"rendered":"Iniciative"},"content":{"rendered":"\t\t<div data-elementor-type=\"wp-page\" data-elementor-id=\"704\" class=\"elementor elementor-704\">\n\t\t\t\t<div class=\"elementor-element elementor-element-80bbb60 e-con-full e-flex e-con e-parent\" data-id=\"80bbb60\" data-element_type=\"container\" data-settings=\"{&quot;background_background&quot;:&quot;classic&quot;,&quot;_ha_eqh_enable&quot;:false}\" data-core-v316-plus=\"true\">\n\t\t\t\t<div class=\"elementor-element elementor-element-34e97e0 elementor-widget elementor-widget-heading\" data-id=\"34e97e0\" data-element_type=\"widget\" data-widget_type=\"heading.default\">\n\t\t\t\t<div class=\"elementor-widget-container\">\n\t\t\t<style>\/*! elementor - v3.20.0 - 26-03-2024 *\/\n.elementor-heading-title{padding:0;margin:0;line-height:1}.elementor-widget-heading .elementor-heading-title[class*=elementor-size-]>a{color:inherit;font-size:inherit;line-height:inherit}.elementor-widget-heading .elementor-heading-title.elementor-size-small{font-size:15px}.elementor-widget-heading .elementor-heading-title.elementor-size-medium{font-size:19px}.elementor-widget-heading .elementor-heading-title.elementor-size-large{font-size:29px}.elementor-widget-heading .elementor-heading-title.elementor-size-xl{font-size:39px}.elementor-widget-heading .elementor-heading-title.elementor-size-xxl{font-size:59px}<\/style><h2 class=\"elementor-heading-title elementor-size-default\">Iniciative<\/h2>\t\t<\/div>\n\t\t\t\t<\/div>\n\t\t\t\t<\/div>\n\t\t<div class=\"elementor-element elementor-element-fd17a61 e-flex e-con-boxed e-con e-parent\" data-id=\"fd17a61\" data-element_type=\"container\" data-settings=\"{&quot;_ha_eqh_enable&quot;:false}\" data-core-v316-plus=\"true\">\n\t\t\t\t\t<div class=\"e-con-inner\">\n\t\t\t\t<div class=\"elementor-element elementor-element-87727e0 elementor-grid-3 elementor-grid-tablet-2 elementor-grid-mobile-1 elementor-posts--thumbnail-top elementor-card-shadow-yes elementor-posts__hover-gradient elementor-widget elementor-widget-posts\" data-id=\"87727e0\" data-element_type=\"widget\" data-settings=\"{&quot;cards_columns&quot;:&quot;3&quot;,&quot;cards_columns_tablet&quot;:&quot;2&quot;,&quot;cards_columns_mobile&quot;:&quot;1&quot;,&quot;cards_row_gap&quot;:{&quot;unit&quot;:&quot;px&quot;,&quot;size&quot;:35,&quot;sizes&quot;:[]},&quot;cards_row_gap_tablet&quot;:{&quot;unit&quot;:&quot;px&quot;,&quot;size&quot;:&quot;&quot;,&quot;sizes&quot;:[]},&quot;cards_row_gap_mobile&quot;:{&quot;unit&quot;:&quot;px&quot;,&quot;size&quot;:&quot;&quot;,&quot;sizes&quot;:[]}}\" data-widget_type=\"posts.cards\">\n\t\t\t\t<div class=\"elementor-widget-container\">\n\t\t\t<link rel=\"stylesheet\" href=\"https:\/\/pemaejetes.org.al\/wp-content\/plugins\/elementor-pro\/assets\/css\/widget-posts.min.css\">\t\t<div class=\"elementor-posts-container elementor-posts elementor-posts--skin-cards elementor-grid\">\n\t\t\t\t<article class=\"elementor-post elementor-grid-item post-1152 post type-post status-publish format-standard has-post-thumbnail hentry category-iniciative category-iniciative-projekte category-projekte\">\n\t\t\t<div class=\"elementor-post__card\">\n\t\t\t\t<a class=\"elementor-post__thumbnail__link\" href=\"http:\/\/pemaejetes.org.al\/index.php\/2024\/05\/10\/se-bashku-per-fuqizimin-nje-lidhje-shprese-per-te-drejtat-e-personave-me-aftesi-te-kufizuara-ne-shqiperi\/\" ><div class=\"elementor-post__thumbnail\"><img fetchpriority=\"high\" decoding=\"async\" width=\"300\" height=\"225\" src=\"http:\/\/pemaejetes.org.al\/wp-content\/uploads\/2024\/05\/432777777_388864087243913_1054884236502426810_n-300x225.jpg\" class=\"attachment-medium size-medium wp-image-1153\" alt=\"\" srcset=\"http:\/\/pemaejetes.org.al\/wp-content\/uploads\/2024\/05\/432777777_388864087243913_1054884236502426810_n-300x225.jpg 300w, http:\/\/pemaejetes.org.al\/wp-content\/uploads\/2024\/05\/432777777_388864087243913_1054884236502426810_n-1024x768.jpg 1024w, http:\/\/pemaejetes.org.al\/wp-content\/uploads\/2024\/05\/432777777_388864087243913_1054884236502426810_n-768x576.jpg 768w, http:\/\/pemaejetes.org.al\/wp-content\/uploads\/2024\/05\/432777777_388864087243913_1054884236502426810_n.jpg 1280w\" sizes=\"(max-width: 300px) 100vw, 300px\" \/><\/div><\/a>\n\t\t\t\t<div class=\"elementor-post__text\">\n\t\t\t\t<h3 class=\"elementor-post__title\">\n\t\t\t<a href=\"http:\/\/pemaejetes.org.al\/index.php\/2024\/05\/10\/se-bashku-per-fuqizimin-nje-lidhje-shprese-per-te-drejtat-e-personave-me-aftesi-te-kufizuara-ne-shqiperi\/\" >\n\t\t\t\t&#8220;S\u00eb Bashku p\u00ebr Fuqizimin: Nj\u00eb Lidhje Shprese p\u00ebr t\u00eb Drejtat e Personave me Aft\u00ebsi t\u00eb Kufizuara n\u00eb Shqip\u00ebri&#8221;\t\t\t<\/a>\n\t\t<\/h3>\n\t\t\t\t<\/div>\n\t\t\t\t\t<\/div>\n\t\t<\/article>\n\t\t\t\t<\/div>\n\t\t\n\t\t\t\t<\/div>\n\t\t\t\t<\/div>\n\t\t\t\t\t<\/div>\n\t\t\t\t<\/div>\n\t\t\t\t<\/div>\n\t\t","protected":false},"excerpt":{"rendered":"","protected":false},"author":1,"featured_media":0,"parent":0,"menu_order":0,"comment_status":"closed","ping_status":"closed","template":"elementor_header_footer","meta":{"footnotes":""},"class_list":["post-704","page","type-page","status-publish","hentry"],"acf":[],"yoast_head":"<!-- This site is optimized with the Yoast SEO plugin v22.6 - https:\/\/yoast.com\/wordpress\/plugins\/seo\/ -->\n<title>Iniciative - Pema e Jetes<\/title>\n<meta name=\"robots\" content=\"index, follow, max-snippet:-1, max-image-preview:large, max-video-preview:-1\" \/>\n<link rel=\"canonical\" href=\"http:\/\/pemaejetes.org.al\/index.php\/iniciative\/\" \/>\n<meta property=\"og:locale\" content=\"en_US\" \/>\n<meta property=\"og:type\" content=\"article\" \/>\n<meta property=\"og:title\" content=\"Iniciative - Pema e Jetes\" \/>\n<meta property=\"og:url\" content=\"http:\/\/pemaejetes.org.al\/index.php\/iniciative\/\" \/>\n<meta property=\"og:site_name\" content=\"Pema e Jetes\" \/>\n<meta property=\"article:modified_time\" content=\"2024-05-02T20:00:22+00:00\" \/>\n<meta name=\"twitter:card\" content=\"summary_large_image\" \/>\n<script type=\"application\/ld+json\" class=\"yoast-schema-graph\">{\"@context\":\"https:\/\/schema.org\",\"@graph\":[{\"@type\":\"WebPage\",\"@id\":\"http:\/\/pemaejetes.org.al\/index.php\/iniciative\/\",\"url\":\"http:\/\/pemaejetes.org.al\/index.php\/iniciative\/\",\"name\":\"Iniciative - Pema e Jetes\",\"isPartOf\":{\"@id\":\"https:\/\/pemaejetes.org.al\/#website\"},\"datePublished\":\"2024-04-21T21:56:31+00:00\",\"dateModified\":\"2024-05-02T20:00:22+00:00\",\"breadcrumb\":{\"@id\":\"http:\/\/pemaejetes.org.al\/index.php\/iniciative\/#breadcrumb\"},\"inLanguage\":\"en-US\",\"potentialAction\":[{\"@type\":\"ReadAction\",\"target\":[\"http:\/\/pemaejetes.org.al\/index.php\/iniciative\/\"]}]},{\"@type\":\"BreadcrumbList\",\"@id\":\"http:\/\/pemaejetes.org.al\/index.php\/iniciative\/#breadcrumb\",\"itemListElement\":[{\"@type\":\"ListItem\",\"position\":1,\"name\":\"Home\",\"item\":\"https:\/\/pemaejetes.org.al\/\"},{\"@type\":\"ListItem\",\"position\":2,\"name\":\"Iniciative\"}]},{\"@type\":\"WebSite\",\"@id\":\"https:\/\/pemaejetes.org.al\/#website\",\"url\":\"https:\/\/pemaejetes.org.al\/\",\"name\":\"Pema e Jetes\",\"description\":\"\",\"publisher\":{\"@id\":\"https:\/\/pemaejetes.org.al\/#organization\"},\"potentialAction\":[{\"@type\":\"SearchAction\",\"target\":{\"@type\":\"EntryPoint\",\"urlTemplate\":\"https:\/\/pemaejetes.org.al\/?s={search_term_string}\"},\"query-input\":\"required name=search_term_string\"}],\"inLanguage\":\"en-US\"},{\"@type\":\"Organization\",\"@id\":\"https:\/\/pemaejetes.org.al\/#organization\",\"name\":\"Pema e Jetes\",\"url\":\"https:\/\/pemaejetes.org.al\/\",\"logo\":{\"@type\":\"ImageObject\",\"inLanguage\":\"en-US\",\"@id\":\"https:\/\/pemaejetes.org.al\/#\/schema\/logo\/image\/\",\"url\":\"http:\/\/pemaejetes.org.al\/wp-content\/uploads\/2024\/04\/LOGO-Pema-e-Jetes-pdf_page-0002-e1712155546269.jpg\",\"contentUrl\":\"http:\/\/pemaejetes.org.al\/wp-content\/uploads\/2024\/04\/LOGO-Pema-e-Jetes-pdf_page-0002-e1712155546269.jpg\",\"width\":657,\"height\":610,\"caption\":\"Pema e Jetes\"},\"image\":{\"@id\":\"https:\/\/pemaejetes.org.al\/#\/schema\/logo\/image\/\"}}]}<\/script>\n<!-- \/ Yoast SEO plugin. -->","yoast_head_json":{"title":"Iniciative - Pema e Jetes","robots":{"index":"index","follow":"follow","max-snippet":"max-snippet:-1","max-image-preview":"max-image-preview:large","max-video-preview":"max-video-preview:-1"},"canonical":"http:\/\/pemaejetes.org.al\/index.php\/iniciative\/","og_locale":"en_US","og_type":"article","og_title":"Iniciative - Pema e Jetes","og_url":"http:\/\/pemaejetes.org.al\/index.php\/iniciative\/","og_site_name":"Pema e Jetes","article_modified_time":"2024-05-02T20:00:22+00:00","twitter_card":"summary_large_image","schema":{"@context":"https:\/\/schema.org","@graph":[{"@type":"WebPage","@id":"http:\/\/pemaejetes.org.al\/index.php\/iniciative\/","url":"http:\/\/pemaejetes.org.al\/index.php\/iniciative\/","name":"Iniciative - Pema e Jetes","isPartOf":{"@id":"https:\/\/pemaejetes.org.al\/#website"},"datePublished":"2024-04-21T21:56:31+00:00","dateModified":"2024-05-02T20:00:22+00:00","breadcrumb":{"@id":"http:\/\/pemaejetes.org.al\/index.php\/iniciative\/#breadcrumb"},"inLanguage":"en-US","potentialAction":[{"@type":"ReadAction","target":["http:\/\/pemaejetes.org.al\/index.php\/iniciative\/"]}]},{"@type":"BreadcrumbList","@id":"http:\/\/pemaejetes.org.al\/index.php\/iniciative\/#breadcrumb","itemListElement":[{"@type":"ListItem","position":1,"name":"Home","item":"https:\/\/pemaejetes.org.al\/"},{"@type":"ListItem","position":2,"name":"Iniciative"}]},{"@type":"WebSite","@id":"https:\/\/pemaejetes.org.al\/#website","url":"https:\/\/pemaejetes.org.al\/","name":"Pema e Jetes","description":"","publisher":{"@id":"https:\/\/pemaejetes.org.al\/#organization"},"potentialAction":[{"@type":"SearchAction","target":{"@type":"EntryPoint","urlTemplate":"https:\/\/pemaejetes.org.al\/?s={search_term_string}"},"query-input":"required name=search_term_string"}],"inLanguage":"en-US"},{"@type":"Organization","@id":"https:\/\/pemaejetes.org.al\/#organization","name":"Pema e Jetes","url":"https:\/\/pemaejetes.org.al\/","logo":{"@type":"ImageObject","inLanguage":"en-US","@id":"https:\/\/pemaejetes.org.al\/#\/schema\/logo\/image\/","url":"http:\/\/pemaejetes.org.al\/wp-content\/uploads\/2024\/04\/LOGO-Pema-e-Jetes-pdf_page-0002-e1712155546269.jpg","contentUrl":"http:\/\/pemaejetes.org.al\/wp-content\/uploads\/2024\/04\/LOGO-Pema-e-Jetes-pdf_page-0002-e1712155546269.jpg","width":657,"height":610,"caption":"Pema e Jetes"},"image":{"@id":"https:\/\/pemaejetes.org.al\/#\/schema\/logo\/image\/"}}]}},"_links":{"self":[{"href":"http:\/\/pemaejetes.org.al\/index.php\/wp-json\/wp\/v2\/pages\/704","targetHints":{"allow":["GET"]}}],"collection":[{"href":"http:\/\/pemaejetes.org.al\/index.php\/wp-json\/wp\/v2\/pages"}],"about":[{"href":"http:\/\/pemaejetes.org.al\/index.php\/wp-json\/wp\/v2\/types\/page"}],"author":[{"embeddable":true,"href":"http:\/\/pemaejetes.org.al\/index.php\/wp-json\/wp\/v2\/users\/1"}],"replies":[{"embeddable":true,"href":"http:\/\/pemaejetes.org.al\/index.php\/wp-json\/wp\/v2\/comments?post=704"}],"version-history":[{"count":7,"href":"http:\/\/pemaejetes.org.al\/index.php\/wp-json\/wp\/v2\/pages\/704\/revisions"}],"predecessor-version":[{"id":925,"href":"http:\/\/pemaejetes.org.al\/index.php\/wp-json\/wp\/v2\/pages\/704\/revisions\/925"}],"wp:attachment":[{"href":"http:\/\/pemaejetes.org.al\/index.php\/wp-json\/wp\/v2\/media?parent=704"}],"curies":[{"name":"wp","href":"https:\/\/api.w.org\/{rel}","templated":true}]}}