{"id":694,"date":"2024-04-21T21:55:36","date_gmt":"2024-04-21T21:55:36","guid":{"rendered":"https:\/\/pemaejetes.org.al\/?page_id=694"},"modified":"2024-05-02T19:59:30","modified_gmt":"2024-05-02T19:59:30","slug":"kombetare","status":"publish","type":"page","link":"http:\/\/pemaejetes.org.al\/index.php\/kombetare\/","title":{"rendered":"Kombetare"},"content":{"rendered":"\t\t<div data-elementor-type=\"wp-page\" data-elementor-id=\"694\" class=\"elementor elementor-694\">\n\t\t\t\t<div class=\"elementor-element elementor-element-d3ff334 e-con-full e-flex e-con e-parent\" data-id=\"d3ff334\" data-element_type=\"container\" data-settings=\"{&quot;background_background&quot;:&quot;classic&quot;,&quot;_ha_eqh_enable&quot;:false}\" data-core-v316-plus=\"true\">\n\t\t\t\t<div class=\"elementor-element elementor-element-2641b11 elementor-widget elementor-widget-heading\" data-id=\"2641b11\" data-element_type=\"widget\" data-widget_type=\"heading.default\">\n\t\t\t\t<div class=\"elementor-widget-container\">\n\t\t\t<style>\/*! elementor - v3.20.0 - 26-03-2024 *\/\n.elementor-heading-title{padding:0;margin:0;line-height:1}.elementor-widget-heading .elementor-heading-title[class*=elementor-size-]>a{color:inherit;font-size:inherit;line-height:inherit}.elementor-widget-heading .elementor-heading-title.elementor-size-small{font-size:15px}.elementor-widget-heading .elementor-heading-title.elementor-size-medium{font-size:19px}.elementor-widget-heading .elementor-heading-title.elementor-size-large{font-size:29px}.elementor-widget-heading .elementor-heading-title.elementor-size-xl{font-size:39px}.elementor-widget-heading .elementor-heading-title.elementor-size-xxl{font-size:59px}<\/style><h2 class=\"elementor-heading-title elementor-size-default\">Kombetare<\/h2>\t\t<\/div>\n\t\t\t\t<\/div>\n\t\t\t\t<\/div>\n\t\t<div class=\"elementor-element elementor-element-1937e84 e-flex e-con-boxed e-con e-parent\" data-id=\"1937e84\" data-element_type=\"container\" data-settings=\"{&quot;_ha_eqh_enable&quot;:false}\" data-core-v316-plus=\"true\">\n\t\t\t\t\t<div class=\"e-con-inner\">\n\t\t\t\t<div class=\"elementor-element elementor-element-b631066 elementor-grid-3 elementor-grid-tablet-2 elementor-grid-mobile-1 elementor-posts--thumbnail-top elementor-card-shadow-yes elementor-posts__hover-gradient elementor-widget elementor-widget-posts\" data-id=\"b631066\" data-element_type=\"widget\" data-settings=\"{&quot;cards_columns&quot;:&quot;3&quot;,&quot;cards_columns_tablet&quot;:&quot;2&quot;,&quot;cards_columns_mobile&quot;:&quot;1&quot;,&quot;cards_row_gap&quot;:{&quot;unit&quot;:&quot;px&quot;,&quot;size&quot;:35,&quot;sizes&quot;:[]},&quot;cards_row_gap_tablet&quot;:{&quot;unit&quot;:&quot;px&quot;,&quot;size&quot;:&quot;&quot;,&quot;sizes&quot;:[]},&quot;cards_row_gap_mobile&quot;:{&quot;unit&quot;:&quot;px&quot;,&quot;size&quot;:&quot;&quot;,&quot;sizes&quot;:[]}}\" data-widget_type=\"posts.cards\">\n\t\t\t\t<div class=\"elementor-widget-container\">\n\t\t\t<link rel=\"stylesheet\" href=\"https:\/\/pemaejetes.org.al\/wp-content\/plugins\/elementor-pro\/assets\/css\/widget-posts.min.css\">\t\t<div class=\"elementor-posts-container elementor-posts elementor-posts--skin-cards elementor-grid\">\n\t\t\t\t<article class=\"elementor-post elementor-grid-item post-1771 post type-post status-publish format-standard has-post-thumbnail hentry category-kombetare-projekte category-kombetare category-projekte\">\n\t\t\t<div class=\"elementor-post__card\">\n\t\t\t\t<a class=\"elementor-post__thumbnail__link\" href=\"http:\/\/pemaejetes.org.al\/index.php\/2024\/11\/04\/projekti-integrimi-i-fizioterapise-ne-kujdesin-shendetesor-paresor-per-pacientet-me-skleroze-multiple\/\" ><div class=\"elementor-post__thumbnail\"><img decoding=\"async\" width=\"300\" height=\"146\" src=\"http:\/\/pemaejetes.org.al\/wp-content\/uploads\/2024\/11\/photo_2024-09-29_22-37-11-300x146.jpg\" class=\"attachment-medium size-medium wp-image-1772\" alt=\"\" srcset=\"http:\/\/pemaejetes.org.al\/wp-content\/uploads\/2024\/11\/photo_2024-09-29_22-37-11-300x146.jpg 300w, http:\/\/pemaejetes.org.al\/wp-content\/uploads\/2024\/11\/photo_2024-09-29_22-37-11-1024x498.jpg 1024w, http:\/\/pemaejetes.org.al\/wp-content\/uploads\/2024\/11\/photo_2024-09-29_22-37-11-768x373.jpg 768w, http:\/\/pemaejetes.org.al\/wp-content\/uploads\/2024\/11\/photo_2024-09-29_22-37-11.jpg 1280w\" sizes=\"(max-width: 300px) 100vw, 300px\" \/><\/div><\/a>\n\t\t\t\t<div class=\"elementor-post__text\">\n\t\t\t\t<h3 class=\"elementor-post__title\">\n\t\t\t<a href=\"http:\/\/pemaejetes.org.al\/index.php\/2024\/11\/04\/projekti-integrimi-i-fizioterapise-ne-kujdesin-shendetesor-paresor-per-pacientet-me-skleroze-multiple\/\" >\n\t\t\t\tProjekti: Integrimi i Fizioterapis\u00eb n\u00eb Kujdesin Sh\u00ebndet\u00ebsor Par\u00ebsor p\u00ebr pacient\u00ebt me Skleroz\u00eb Multiple\t\t\t<\/a>\n\t\t<\/h3>\n\t\t\t\t<\/div>\n\t\t\t\t\t<\/div>\n\t\t<\/article>\n\t\t\t\t<article class=\"elementor-post elementor-grid-item post-1403 post type-post status-publish format-standard has-post-thumbnail hentry category-kombetare category-kombetare-projekte category-projekte category-te-jetosh-ne-shqiperi-me-sm\">\n\t\t\t<div class=\"elementor-post__card\">\n\t\t\t\t<a class=\"elementor-post__thumbnail__link\" href=\"http:\/\/pemaejetes.org.al\/index.php\/2024\/05\/17\/projekti-zerat-e-pacienteve-shqiptare-me-ms\/\" ><div class=\"elementor-post__thumbnail\"><img fetchpriority=\"high\" decoding=\"async\" width=\"300\" height=\"300\" src=\"http:\/\/pemaejetes.org.al\/wp-content\/uploads\/2024\/05\/440788842_422832277180427_5975231324807404827_n-300x300.jpg\" class=\"attachment-medium size-medium wp-image-1404\" alt=\"\" srcset=\"http:\/\/pemaejetes.org.al\/wp-content\/uploads\/2024\/05\/440788842_422832277180427_5975231324807404827_n-300x300.jpg 300w, http:\/\/pemaejetes.org.al\/wp-content\/uploads\/2024\/05\/440788842_422832277180427_5975231324807404827_n-150x150.jpg 150w, http:\/\/pemaejetes.org.al\/wp-content\/uploads\/2024\/05\/440788842_422832277180427_5975231324807404827_n-768x768.jpg 768w, http:\/\/pemaejetes.org.al\/wp-content\/uploads\/2024\/05\/440788842_422832277180427_5975231324807404827_n.jpg 1024w\" sizes=\"(max-width: 300px) 100vw, 300px\" \/><\/div><\/a>\n\t\t\t\t<div class=\"elementor-post__text\">\n\t\t\t\t<h3 class=\"elementor-post__title\">\n\t\t\t<a href=\"http:\/\/pemaejetes.org.al\/index.php\/2024\/05\/17\/projekti-zerat-e-pacienteve-shqiptare-me-ms\/\" >\n\t\t\t\tProjekti: Z\u00ebrat e Pacient\u00ebve Shqiptar\u00eb me MS\t\t\t<\/a>\n\t\t<\/h3>\n\t\t\t\t<\/div>\n\t\t\t\t\t<\/div>\n\t\t<\/article>\n\t\t\t\t<article class=\"elementor-post elementor-grid-item post-915 post type-post status-publish format-standard has-post-thumbnail hentry category-kombetare\">\n\t\t\t<div class=\"elementor-post__card\">\n\t\t\t\t<a class=\"elementor-post__thumbnail__link\" href=\"http:\/\/pemaejetes.org.al\/index.php\/2024\/05\/02\/projekti-te-jetosh-me-sklerozen-multiple-ne-shqiperi\/\" ><div class=\"elementor-post__thumbnail\"><img decoding=\"async\" width=\"300\" height=\"300\" src=\"http:\/\/pemaejetes.org.al\/wp-content\/uploads\/2024\/04\/wweew-300x300.png\" class=\"attachment-medium size-medium wp-image-862\" alt=\"\" srcset=\"http:\/\/pemaejetes.org.al\/wp-content\/uploads\/2024\/04\/wweew-300x300.png 300w, http:\/\/pemaejetes.org.al\/wp-content\/uploads\/2024\/04\/wweew-150x150.png 150w, http:\/\/pemaejetes.org.al\/wp-content\/uploads\/2024\/04\/wweew-12x12.png 12w, http:\/\/pemaejetes.org.al\/wp-content\/uploads\/2024\/04\/wweew.png 679w\" sizes=\"(max-width: 300px) 100vw, 300px\" \/><\/div><\/a>\n\t\t\t\t<div class=\"elementor-post__text\">\n\t\t\t\t<h3 class=\"elementor-post__title\">\n\t\t\t<a href=\"http:\/\/pemaejetes.org.al\/index.php\/2024\/05\/02\/projekti-te-jetosh-me-sklerozen-multiple-ne-shqiperi\/\" >\n\t\t\t\tProjekti: &#8220;T\u00eb Jetosh me Skleroz\u00ebn Multiple n\u00eb Shqip\u00ebri&#8221;\t\t\t<\/a>\n\t\t<\/h3>\n\t\t\t\t<\/div>\n\t\t\t\t\t<\/div>\n\t\t<\/article>\n\t\t\t\t<\/div>\n\t\t\n\t\t\t\t<\/div>\n\t\t\t\t<\/div>\n\t\t\t\t\t<\/div>\n\t\t\t\t<\/div>\n\t\t\t\t<\/div>\n\t\t","protected":false},"excerpt":{"rendered":"","protected":false},"author":1,"featured_media":0,"parent":0,"menu_order":0,"comment_status":"closed","ping_status":"closed","template":"elementor_header_footer","meta":{"footnotes":""},"class_list":["post-694","page","type-page","status-publish","hentry"],"acf":[],"yoast_head":"<!-- This site is optimized with the Yoast SEO plugin v22.6 - https:\/\/yoast.com\/wordpress\/plugins\/seo\/ -->\n<title>Kombetare - Pema e Jetes<\/title>\n<meta name=\"robots\" content=\"index, follow, max-snippet:-1, max-image-preview:large, max-video-preview:-1\" \/>\n<link rel=\"canonical\" href=\"http:\/\/pemaejetes.org.al\/index.php\/kombetare\/\" \/>\n<meta property=\"og:locale\" content=\"en_US\" \/>\n<meta property=\"og:type\" content=\"article\" \/>\n<meta property=\"og:title\" content=\"Kombetare - Pema e Jetes\" \/>\n<meta property=\"og:url\" content=\"http:\/\/pemaejetes.org.al\/index.php\/kombetare\/\" \/>\n<meta property=\"og:site_name\" content=\"Pema e Jetes\" \/>\n<meta property=\"article:modified_time\" content=\"2024-05-02T19:59:30+00:00\" \/>\n<meta name=\"twitter:card\" content=\"summary_large_image\" \/>\n<script type=\"application\/ld+json\" class=\"yoast-schema-graph\">{\"@context\":\"https:\/\/schema.org\",\"@graph\":[{\"@type\":\"WebPage\",\"@id\":\"http:\/\/pemaejetes.org.al\/index.php\/kombetare\/\",\"url\":\"http:\/\/pemaejetes.org.al\/index.php\/kombetare\/\",\"name\":\"Kombetare - Pema e Jetes\",\"isPartOf\":{\"@id\":\"http:\/\/pemaejetes.org.al\/#website\"},\"datePublished\":\"2024-04-21T21:55:36+00:00\",\"dateModified\":\"2024-05-02T19:59:30+00:00\",\"breadcrumb\":{\"@id\":\"http:\/\/pemaejetes.org.al\/index.php\/kombetare\/#breadcrumb\"},\"inLanguage\":\"en-US\",\"potentialAction\":[{\"@type\":\"ReadAction\",\"target\":[\"http:\/\/pemaejetes.org.al\/index.php\/kombetare\/\"]}]},{\"@type\":\"BreadcrumbList\",\"@id\":\"http:\/\/pemaejetes.org.al\/index.php\/kombetare\/#breadcrumb\",\"itemListElement\":[{\"@type\":\"ListItem\",\"position\":1,\"name\":\"Home\",\"item\":\"http:\/\/pemaejetes.org.al\/\"},{\"@type\":\"ListItem\",\"position\":2,\"name\":\"Kombetare\"}]},{\"@type\":\"WebSite\",\"@id\":\"http:\/\/pemaejetes.org.al\/#website\",\"url\":\"http:\/\/pemaejetes.org.al\/\",\"name\":\"Pema e Jetes\",\"description\":\"\",\"publisher\":{\"@id\":\"http:\/\/pemaejetes.org.al\/#organization\"},\"potentialAction\":[{\"@type\":\"SearchAction\",\"target\":{\"@type\":\"EntryPoint\",\"urlTemplate\":\"http:\/\/pemaejetes.org.al\/?s={search_term_string}\"},\"query-input\":\"required name=search_term_string\"}],\"inLanguage\":\"en-US\"},{\"@type\":\"Organization\",\"@id\":\"http:\/\/pemaejetes.org.al\/#organization\",\"name\":\"Pema e Jetes\",\"url\":\"http:\/\/pemaejetes.org.al\/\",\"logo\":{\"@type\":\"ImageObject\",\"inLanguage\":\"en-US\",\"@id\":\"http:\/\/pemaejetes.org.al\/#\/schema\/logo\/image\/\",\"url\":\"http:\/\/pemaejetes.org.al\/wp-content\/uploads\/2024\/04\/LOGO-Pema-e-Jetes-pdf_page-0002-e1712155546269.jpg\",\"contentUrl\":\"http:\/\/pemaejetes.org.al\/wp-content\/uploads\/2024\/04\/LOGO-Pema-e-Jetes-pdf_page-0002-e1712155546269.jpg\",\"width\":657,\"height\":610,\"caption\":\"Pema e Jetes\"},\"image\":{\"@id\":\"http:\/\/pemaejetes.org.al\/#\/schema\/logo\/image\/\"}}]}<\/script>\n<!-- \/ Yoast SEO plugin. -->","yoast_head_json":{"title":"Kombetare - Pema e Jetes","robots":{"index":"index","follow":"follow","max-snippet":"max-snippet:-1","max-image-preview":"max-image-preview:large","max-video-preview":"max-video-preview:-1"},"canonical":"http:\/\/pemaejetes.org.al\/index.php\/kombetare\/","og_locale":"en_US","og_type":"article","og_title":"Kombetare - Pema e Jetes","og_url":"http:\/\/pemaejetes.org.al\/index.php\/kombetare\/","og_site_name":"Pema e Jetes","article_modified_time":"2024-05-02T19:59:30+00:00","twitter_card":"summary_large_image","schema":{"@context":"https:\/\/schema.org","@graph":[{"@type":"WebPage","@id":"http:\/\/pemaejetes.org.al\/index.php\/kombetare\/","url":"http:\/\/pemaejetes.org.al\/index.php\/kombetare\/","name":"Kombetare - Pema e Jetes","isPartOf":{"@id":"http:\/\/pemaejetes.org.al\/#website"},"datePublished":"2024-04-21T21:55:36+00:00","dateModified":"2024-05-02T19:59:30+00:00","breadcrumb":{"@id":"http:\/\/pemaejetes.org.al\/index.php\/kombetare\/#breadcrumb"},"inLanguage":"en-US","potentialAction":[{"@type":"ReadAction","target":["http:\/\/pemaejetes.org.al\/index.php\/kombetare\/"]}]},{"@type":"BreadcrumbList","@id":"http:\/\/pemaejetes.org.al\/index.php\/kombetare\/#breadcrumb","itemListElement":[{"@type":"ListItem","position":1,"name":"Home","item":"http:\/\/pemaejetes.org.al\/"},{"@type":"ListItem","position":2,"name":"Kombetare"}]},{"@type":"WebSite","@id":"http:\/\/pemaejetes.org.al\/#website","url":"http:\/\/pemaejetes.org.al\/","name":"Pema e Jetes","description":"","publisher":{"@id":"http:\/\/pemaejetes.org.al\/#organization"},"potentialAction":[{"@type":"SearchAction","target":{"@type":"EntryPoint","urlTemplate":"http:\/\/pemaejetes.org.al\/?s={search_term_string}"},"query-input":"required name=search_term_string"}],"inLanguage":"en-US"},{"@type":"Organization","@id":"http:\/\/pemaejetes.org.al\/#organization","name":"Pema e Jetes","url":"http:\/\/pemaejetes.org.al\/","logo":{"@type":"ImageObject","inLanguage":"en-US","@id":"http:\/\/pemaejetes.org.al\/#\/schema\/logo\/image\/","url":"http:\/\/pemaejetes.org.al\/wp-content\/uploads\/2024\/04\/LOGO-Pema-e-Jetes-pdf_page-0002-e1712155546269.jpg","contentUrl":"http:\/\/pemaejetes.org.al\/wp-content\/uploads\/2024\/04\/LOGO-Pema-e-Jetes-pdf_page-0002-e1712155546269.jpg","width":657,"height":610,"caption":"Pema e Jetes"},"image":{"@id":"http:\/\/pemaejetes.org.al\/#\/schema\/logo\/image\/"}}]}},"_links":{"self":[{"href":"http:\/\/pemaejetes.org.al\/index.php\/wp-json\/wp\/v2\/pages\/694","targetHints":{"allow":["GET"]}}],"collection":[{"href":"http:\/\/pemaejetes.org.al\/index.php\/wp-json\/wp\/v2\/pages"}],"about":[{"href":"http:\/\/pemaejetes.org.al\/index.php\/wp-json\/wp\/v2\/types\/page"}],"author":[{"embeddable":true,"href":"http:\/\/pemaejetes.org.al\/index.php\/wp-json\/wp\/v2\/users\/1"}],"replies":[{"embeddable":true,"href":"http:\/\/pemaejetes.org.al\/index.php\/wp-json\/wp\/v2\/comments?post=694"}],"version-history":[{"count":7,"href":"http:\/\/pemaejetes.org.al\/index.php\/wp-json\/wp\/v2\/pages\/694\/revisions"}],"predecessor-version":[{"id":922,"href":"http:\/\/pemaejetes.org.al\/index.php\/wp-json\/wp\/v2\/pages\/694\/revisions\/922"}],"wp:attachment":[{"href":"http:\/\/pemaejetes.org.al\/index.php\/wp-json\/wp\/v2\/media?parent=694"}],"curies":[{"name":"wp","href":"https:\/\/api.w.org\/{rel}","templated":true}]}}