{"id":673,"date":"2024-04-21T21:52:30","date_gmt":"2024-04-21T21:52:30","guid":{"rendered":"https:\/\/pemaejetes.org.al\/?page_id=673"},"modified":"2024-11-22T22:24:50","modified_gmt":"2024-11-22T22:24:50","slug":"raporte","status":"publish","type":"page","link":"http:\/\/pemaejetes.org.al\/index.php\/raporte\/","title":{"rendered":"Raporte"},"content":{"rendered":"\t\t<div data-elementor-type=\"wp-page\" data-elementor-id=\"673\" class=\"elementor elementor-673\">\n\t\t\t\t<div class=\"elementor-element elementor-element-16dec74 e-con-full e-flex e-con e-parent\" data-id=\"16dec74\" data-element_type=\"container\" data-settings=\"{&quot;background_background&quot;:&quot;classic&quot;,&quot;_ha_eqh_enable&quot;:false}\" data-core-v316-plus=\"true\">\n\t\t\t\t<div class=\"elementor-element elementor-element-2a11ea3 elementor-widget elementor-widget-heading\" data-id=\"2a11ea3\" data-element_type=\"widget\" data-widget_type=\"heading.default\">\n\t\t\t\t<div class=\"elementor-widget-container\">\n\t\t\t<style>\/*! elementor - v3.20.0 - 26-03-2024 *\/\n.elementor-heading-title{padding:0;margin:0;line-height:1}.elementor-widget-heading .elementor-heading-title[class*=elementor-size-]>a{color:inherit;font-size:inherit;line-height:inherit}.elementor-widget-heading .elementor-heading-title.elementor-size-small{font-size:15px}.elementor-widget-heading .elementor-heading-title.elementor-size-medium{font-size:19px}.elementor-widget-heading .elementor-heading-title.elementor-size-large{font-size:29px}.elementor-widget-heading .elementor-heading-title.elementor-size-xl{font-size:39px}.elementor-widget-heading .elementor-heading-title.elementor-size-xxl{font-size:59px}<\/style><h2 class=\"elementor-heading-title elementor-size-default\">Raporte<\/h2>\t\t<\/div>\n\t\t\t\t<\/div>\n\t\t\t\t<\/div>\n\t\t<div class=\"elementor-element elementor-element-37be8d1 e-flex e-con-boxed e-con e-parent\" data-id=\"37be8d1\" data-element_type=\"container\" data-settings=\"{&quot;_ha_eqh_enable&quot;:false}\" data-core-v316-plus=\"true\">\n\t\t\t\t\t<div class=\"e-con-inner\">\n\t\t\t\t<div class=\"elementor-element elementor-element-9c2b0bc elementor-grid-3 elementor-grid-tablet-2 elementor-grid-mobile-1 elementor-posts--thumbnail-top elementor-card-shadow-yes elementor-posts__hover-gradient elementor-widget elementor-widget-posts\" data-id=\"9c2b0bc\" data-element_type=\"widget\" data-settings=\"{&quot;cards_columns&quot;:&quot;3&quot;,&quot;cards_columns_tablet&quot;:&quot;2&quot;,&quot;cards_columns_mobile&quot;:&quot;1&quot;,&quot;cards_row_gap&quot;:{&quot;unit&quot;:&quot;px&quot;,&quot;size&quot;:35,&quot;sizes&quot;:[]},&quot;cards_row_gap_tablet&quot;:{&quot;unit&quot;:&quot;px&quot;,&quot;size&quot;:&quot;&quot;,&quot;sizes&quot;:[]},&quot;cards_row_gap_mobile&quot;:{&quot;unit&quot;:&quot;px&quot;,&quot;size&quot;:&quot;&quot;,&quot;sizes&quot;:[]}}\" data-widget_type=\"posts.cards\">\n\t\t\t\t<div class=\"elementor-widget-container\">\n\t\t\t<link rel=\"stylesheet\" href=\"https:\/\/pemaejetes.org.al\/wp-content\/plugins\/elementor-pro\/assets\/css\/widget-posts.min.css\">\t\t<div class=\"elementor-posts-container elementor-posts elementor-posts--skin-cards elementor-grid\">\n\t\t\t\t<article class=\"elementor-post elementor-grid-item post-1782 post type-post status-publish format-standard has-post-thumbnail hentry category-publikime category-raporte\">\n\t\t\t<div class=\"elementor-post__card\">\n\t\t\t\t<a class=\"elementor-post__thumbnail__link\" href=\"http:\/\/pemaejetes.org.al\/index.php\/2024\/11\/22\/vleresimi-i-sherbimit-te-fizioterapise-ne-qendrat-shendetesore-paresore-per-pacientet-me-skleroze-multiple-ne-tirane\/\" ><div class=\"elementor-post__thumbnail\"><img fetchpriority=\"high\" decoding=\"async\" width=\"212\" height=\"300\" src=\"http:\/\/pemaejetes.org.al\/wp-content\/uploads\/2024\/11\/1-212x300.png\" class=\"attachment-medium size-medium wp-image-1784\" alt=\"\" srcset=\"http:\/\/pemaejetes.org.al\/wp-content\/uploads\/2024\/11\/1-212x300.png 212w, http:\/\/pemaejetes.org.al\/wp-content\/uploads\/2024\/11\/1-724x1024.png 724w, http:\/\/pemaejetes.org.al\/wp-content\/uploads\/2024\/11\/1-768x1086.png 768w, http:\/\/pemaejetes.org.al\/wp-content\/uploads\/2024\/11\/1-1086x1536.png 1086w, http:\/\/pemaejetes.org.al\/wp-content\/uploads\/2024\/11\/1.png 1414w\" sizes=\"(max-width: 212px) 100vw, 212px\" \/><\/div><\/a>\n\t\t\t\t<div class=\"elementor-post__text\">\n\t\t\t\t<h3 class=\"elementor-post__title\">\n\t\t\t<a href=\"http:\/\/pemaejetes.org.al\/index.php\/2024\/11\/22\/vleresimi-i-sherbimit-te-fizioterapise-ne-qendrat-shendetesore-paresore-per-pacientet-me-skleroze-multiple-ne-tirane\/\" >\n\t\t\t\t\u201cVLER\u00cbSIMI I SH\u00cbRBIMIT T\u00cb FIZIOTERAPIS\u00cb N\u00cb QENDRAT SH\u00cbNDET\u00cbSORE PAR\u00cbSORE P\u00cbR PACIENT\u00cbT ME SKLEROZ\u00cb MULTIPLE\u201d N\u00cb TIRAN\u00cb\t\t\t<\/a>\n\t\t<\/h3>\n\t\t\t\t<\/div>\n\t\t\t\t\t<\/div>\n\t\t<\/article>\n\t\t\t\t<article class=\"elementor-post elementor-grid-item post-1774 post type-post status-publish format-standard has-post-thumbnail hentry category-publikime category-raporte\">\n\t\t\t<div class=\"elementor-post__card\">\n\t\t\t\t<a class=\"elementor-post__thumbnail__link\" href=\"http:\/\/pemaejetes.org.al\/index.php\/2024\/11\/22\/perfitimet-nga-fizioterapia-per-pacientet-me-skleroze-multiple\/\" ><div class=\"elementor-post__thumbnail\"><img decoding=\"async\" width=\"212\" height=\"300\" src=\"http:\/\/pemaejetes.org.al\/wp-content\/uploads\/2024\/11\/Beige-Grey-Elegant-Nature-Cover-Story-Book-A4-Document--212x300.png\" class=\"attachment-medium size-medium wp-image-1776\" alt=\"\" srcset=\"http:\/\/pemaejetes.org.al\/wp-content\/uploads\/2024\/11\/Beige-Grey-Elegant-Nature-Cover-Story-Book-A4-Document--212x300.png 212w, http:\/\/pemaejetes.org.al\/wp-content\/uploads\/2024\/11\/Beige-Grey-Elegant-Nature-Cover-Story-Book-A4-Document--724x1024.png 724w, http:\/\/pemaejetes.org.al\/wp-content\/uploads\/2024\/11\/Beige-Grey-Elegant-Nature-Cover-Story-Book-A4-Document--768x1086.png 768w, http:\/\/pemaejetes.org.al\/wp-content\/uploads\/2024\/11\/Beige-Grey-Elegant-Nature-Cover-Story-Book-A4-Document--1086x1536.png 1086w, http:\/\/pemaejetes.org.al\/wp-content\/uploads\/2024\/11\/Beige-Grey-Elegant-Nature-Cover-Story-Book-A4-Document-.png 1414w\" sizes=\"(max-width: 212px) 100vw, 212px\" \/><\/div><\/a>\n\t\t\t\t<div class=\"elementor-post__text\">\n\t\t\t\t<h3 class=\"elementor-post__title\">\n\t\t\t<a href=\"http:\/\/pemaejetes.org.al\/index.php\/2024\/11\/22\/perfitimet-nga-fizioterapia-per-pacientet-me-skleroze-multiple\/\" >\n\t\t\t\tP\u00cbRFITIMET NGA FIZIOTERAPIA P\u00cbR PACIENT\u00cbT ME SKLEROZ\u00cb MULTIPLE\t\t\t<\/a>\n\t\t<\/h3>\n\t\t\t\t<\/div>\n\t\t\t\t\t<\/div>\n\t\t<\/article>\n\t\t\t\t<\/div>\n\t\t\n\t\t\t\t<\/div>\n\t\t\t\t<\/div>\n\t\t\t\t\t<\/div>\n\t\t\t\t<\/div>\n\t\t\t\t<\/div>\n\t\t","protected":false},"excerpt":{"rendered":"","protected":false},"author":1,"featured_media":0,"parent":0,"menu_order":0,"comment_status":"closed","ping_status":"closed","template":"elementor_header_footer","meta":{"footnotes":""},"class_list":["post-673","page","type-page","status-publish","hentry"],"acf":[],"yoast_head":"<!-- This site is optimized with the Yoast SEO plugin v22.6 - https:\/\/yoast.com\/wordpress\/plugins\/seo\/ -->\n<title>Raporte - Pema e Jetes<\/title>\n<meta name=\"robots\" content=\"index, follow, max-snippet:-1, max-image-preview:large, max-video-preview:-1\" \/>\n<link rel=\"canonical\" href=\"https:\/\/pemaejetes.org.al\/index.php\/raporte\/\" \/>\n<meta property=\"og:locale\" content=\"en_US\" \/>\n<meta property=\"og:type\" content=\"article\" \/>\n<meta property=\"og:title\" content=\"Raporte - Pema e Jetes\" \/>\n<meta property=\"og:url\" content=\"https:\/\/pemaejetes.org.al\/index.php\/raporte\/\" \/>\n<meta property=\"og:site_name\" content=\"Pema e Jetes\" \/>\n<meta property=\"article:modified_time\" content=\"2024-11-22T22:24:50+00:00\" \/>\n<meta name=\"twitter:card\" content=\"summary_large_image\" \/>\n<meta name=\"twitter:label1\" content=\"Est. reading time\" \/>\n\t<meta name=\"twitter:data1\" content=\"1 minute\" \/>\n<script type=\"application\/ld+json\" class=\"yoast-schema-graph\">{\"@context\":\"https:\/\/schema.org\",\"@graph\":[{\"@type\":\"WebPage\",\"@id\":\"https:\/\/pemaejetes.org.al\/index.php\/raporte\/\",\"url\":\"https:\/\/pemaejetes.org.al\/index.php\/raporte\/\",\"name\":\"Raporte - Pema e Jetes\",\"isPartOf\":{\"@id\":\"https:\/\/pemaejetes.org.al\/#website\"},\"datePublished\":\"2024-04-21T21:52:30+00:00\",\"dateModified\":\"2024-11-22T22:24:50+00:00\",\"breadcrumb\":{\"@id\":\"https:\/\/pemaejetes.org.al\/index.php\/raporte\/#breadcrumb\"},\"inLanguage\":\"en-US\",\"potentialAction\":[{\"@type\":\"ReadAction\",\"target\":[\"https:\/\/pemaejetes.org.al\/index.php\/raporte\/\"]}]},{\"@type\":\"BreadcrumbList\",\"@id\":\"https:\/\/pemaejetes.org.al\/index.php\/raporte\/#breadcrumb\",\"itemListElement\":[{\"@type\":\"ListItem\",\"position\":1,\"name\":\"Home\",\"item\":\"https:\/\/pemaejetes.org.al\/\"},{\"@type\":\"ListItem\",\"position\":2,\"name\":\"Raporte\"}]},{\"@type\":\"WebSite\",\"@id\":\"https:\/\/pemaejetes.org.al\/#website\",\"url\":\"https:\/\/pemaejetes.org.al\/\",\"name\":\"Pema e Jetes\",\"description\":\"\",\"publisher\":{\"@id\":\"https:\/\/pemaejetes.org.al\/#organization\"},\"potentialAction\":[{\"@type\":\"SearchAction\",\"target\":{\"@type\":\"EntryPoint\",\"urlTemplate\":\"https:\/\/pemaejetes.org.al\/?s={search_term_string}\"},\"query-input\":\"required name=search_term_string\"}],\"inLanguage\":\"en-US\"},{\"@type\":\"Organization\",\"@id\":\"https:\/\/pemaejetes.org.al\/#organization\",\"name\":\"Pema e Jetes\",\"url\":\"https:\/\/pemaejetes.org.al\/\",\"logo\":{\"@type\":\"ImageObject\",\"inLanguage\":\"en-US\",\"@id\":\"https:\/\/pemaejetes.org.al\/#\/schema\/logo\/image\/\",\"url\":\"http:\/\/pemaejetes.org.al\/wp-content\/uploads\/2024\/04\/LOGO-Pema-e-Jetes-pdf_page-0002-e1712155546269.jpg\",\"contentUrl\":\"http:\/\/pemaejetes.org.al\/wp-content\/uploads\/2024\/04\/LOGO-Pema-e-Jetes-pdf_page-0002-e1712155546269.jpg\",\"width\":657,\"height\":610,\"caption\":\"Pema e Jetes\"},\"image\":{\"@id\":\"https:\/\/pemaejetes.org.al\/#\/schema\/logo\/image\/\"}}]}<\/script>\n<!-- \/ Yoast SEO plugin. -->","yoast_head_json":{"title":"Raporte - Pema e Jetes","robots":{"index":"index","follow":"follow","max-snippet":"max-snippet:-1","max-image-preview":"max-image-preview:large","max-video-preview":"max-video-preview:-1"},"canonical":"https:\/\/pemaejetes.org.al\/index.php\/raporte\/","og_locale":"en_US","og_type":"article","og_title":"Raporte - Pema e Jetes","og_url":"https:\/\/pemaejetes.org.al\/index.php\/raporte\/","og_site_name":"Pema e Jetes","article_modified_time":"2024-11-22T22:24:50+00:00","twitter_card":"summary_large_image","twitter_misc":{"Est. reading time":"1 minute"},"schema":{"@context":"https:\/\/schema.org","@graph":[{"@type":"WebPage","@id":"https:\/\/pemaejetes.org.al\/index.php\/raporte\/","url":"https:\/\/pemaejetes.org.al\/index.php\/raporte\/","name":"Raporte - Pema e Jetes","isPartOf":{"@id":"https:\/\/pemaejetes.org.al\/#website"},"datePublished":"2024-04-21T21:52:30+00:00","dateModified":"2024-11-22T22:24:50+00:00","breadcrumb":{"@id":"https:\/\/pemaejetes.org.al\/index.php\/raporte\/#breadcrumb"},"inLanguage":"en-US","potentialAction":[{"@type":"ReadAction","target":["https:\/\/pemaejetes.org.al\/index.php\/raporte\/"]}]},{"@type":"BreadcrumbList","@id":"https:\/\/pemaejetes.org.al\/index.php\/raporte\/#breadcrumb","itemListElement":[{"@type":"ListItem","position":1,"name":"Home","item":"https:\/\/pemaejetes.org.al\/"},{"@type":"ListItem","position":2,"name":"Raporte"}]},{"@type":"WebSite","@id":"https:\/\/pemaejetes.org.al\/#website","url":"https:\/\/pemaejetes.org.al\/","name":"Pema e Jetes","description":"","publisher":{"@id":"https:\/\/pemaejetes.org.al\/#organization"},"potentialAction":[{"@type":"SearchAction","target":{"@type":"EntryPoint","urlTemplate":"https:\/\/pemaejetes.org.al\/?s={search_term_string}"},"query-input":"required name=search_term_string"}],"inLanguage":"en-US"},{"@type":"Organization","@id":"https:\/\/pemaejetes.org.al\/#organization","name":"Pema e Jetes","url":"https:\/\/pemaejetes.org.al\/","logo":{"@type":"ImageObject","inLanguage":"en-US","@id":"https:\/\/pemaejetes.org.al\/#\/schema\/logo\/image\/","url":"http:\/\/pemaejetes.org.al\/wp-content\/uploads\/2024\/04\/LOGO-Pema-e-Jetes-pdf_page-0002-e1712155546269.jpg","contentUrl":"http:\/\/pemaejetes.org.al\/wp-content\/uploads\/2024\/04\/LOGO-Pema-e-Jetes-pdf_page-0002-e1712155546269.jpg","width":657,"height":610,"caption":"Pema e Jetes"},"image":{"@id":"https:\/\/pemaejetes.org.al\/#\/schema\/logo\/image\/"}}]}},"_links":{"self":[{"href":"http:\/\/pemaejetes.org.al\/index.php\/wp-json\/wp\/v2\/pages\/673","targetHints":{"allow":["GET"]}}],"collection":[{"href":"http:\/\/pemaejetes.org.al\/index.php\/wp-json\/wp\/v2\/pages"}],"about":[{"href":"http:\/\/pemaejetes.org.al\/index.php\/wp-json\/wp\/v2\/types\/page"}],"author":[{"embeddable":true,"href":"http:\/\/pemaejetes.org.al\/index.php\/wp-json\/wp\/v2\/users\/1"}],"replies":[{"embeddable":true,"href":"http:\/\/pemaejetes.org.al\/index.php\/wp-json\/wp\/v2\/comments?post=673"}],"version-history":[{"count":16,"href":"http:\/\/pemaejetes.org.al\/index.php\/wp-json\/wp\/v2\/pages\/673\/revisions"}],"predecessor-version":[{"id":1781,"href":"http:\/\/pemaejetes.org.al\/index.php\/wp-json\/wp\/v2\/pages\/673\/revisions\/1781"}],"wp:attachment":[{"href":"http:\/\/pemaejetes.org.al\/index.php\/wp-json\/wp\/v2\/media?parent=673"}],"curies":[{"name":"wp","href":"https:\/\/api.w.org\/{rel}","templated":true}]}}