{"id":661,"date":"2024-04-21T21:51:44","date_gmt":"2024-04-21T21:51:44","guid":{"rendered":"https:\/\/pemaejetes.org.al\/?page_id=661"},"modified":"2024-04-26T16:11:45","modified_gmt":"2024-04-26T16:11:45","slug":"artikuj","status":"publish","type":"page","link":"http:\/\/pemaejetes.org.al\/index.php\/artikuj\/","title":{"rendered":"Artikuj"},"content":{"rendered":"\t\t<div data-elementor-type=\"wp-page\" data-elementor-id=\"661\" class=\"elementor elementor-661\">\n\t\t\t\t<div class=\"elementor-element elementor-element-7fe3efd e-con-full e-flex e-con e-parent\" data-id=\"7fe3efd\" data-element_type=\"container\" data-settings=\"{&quot;background_background&quot;:&quot;classic&quot;,&quot;_ha_eqh_enable&quot;:false}\" data-core-v316-plus=\"true\">\n\t\t\t\t<div class=\"elementor-element elementor-element-564fd46 elementor-widget elementor-widget-heading\" data-id=\"564fd46\" data-element_type=\"widget\" data-widget_type=\"heading.default\">\n\t\t\t\t<div class=\"elementor-widget-container\">\n\t\t\t<style>\/*! elementor - v3.20.0 - 26-03-2024 *\/\n.elementor-heading-title{padding:0;margin:0;line-height:1}.elementor-widget-heading .elementor-heading-title[class*=elementor-size-]>a{color:inherit;font-size:inherit;line-height:inherit}.elementor-widget-heading .elementor-heading-title.elementor-size-small{font-size:15px}.elementor-widget-heading .elementor-heading-title.elementor-size-medium{font-size:19px}.elementor-widget-heading .elementor-heading-title.elementor-size-large{font-size:29px}.elementor-widget-heading .elementor-heading-title.elementor-size-xl{font-size:39px}.elementor-widget-heading .elementor-heading-title.elementor-size-xxl{font-size:59px}<\/style><h2 class=\"elementor-heading-title elementor-size-default\">Artikuj<\/h2>\t\t<\/div>\n\t\t\t\t<\/div>\n\t\t\t\t<\/div>\n\t\t<div class=\"elementor-element elementor-element-08e986c e-flex e-con-boxed e-con e-parent\" data-id=\"08e986c\" data-element_type=\"container\" data-settings=\"{&quot;_ha_eqh_enable&quot;:false}\" data-core-v316-plus=\"true\">\n\t\t\t\t\t<div class=\"e-con-inner\">\n\t\t\t\t<div class=\"elementor-element elementor-element-c79bad5 elementor-grid-3 elementor-grid-tablet-2 elementor-grid-mobile-1 elementor-posts--thumbnail-top elementor-card-shadow-yes elementor-posts__hover-gradient elementor-widget elementor-widget-posts\" data-id=\"c79bad5\" data-element_type=\"widget\" data-settings=\"{&quot;cards_columns&quot;:&quot;3&quot;,&quot;cards_columns_tablet&quot;:&quot;2&quot;,&quot;cards_columns_mobile&quot;:&quot;1&quot;,&quot;cards_row_gap&quot;:{&quot;unit&quot;:&quot;px&quot;,&quot;size&quot;:35,&quot;sizes&quot;:[]},&quot;cards_row_gap_tablet&quot;:{&quot;unit&quot;:&quot;px&quot;,&quot;size&quot;:&quot;&quot;,&quot;sizes&quot;:[]},&quot;cards_row_gap_mobile&quot;:{&quot;unit&quot;:&quot;px&quot;,&quot;size&quot;:&quot;&quot;,&quot;sizes&quot;:[]}}\" data-widget_type=\"posts.cards\">\n\t\t\t\t<div class=\"elementor-widget-container\">\n\t\t\t<link rel=\"stylesheet\" href=\"https:\/\/pemaejetes.org.al\/wp-content\/plugins\/elementor-pro\/assets\/css\/widget-posts.min.css\">\t\t<div class=\"elementor-posts-container elementor-posts elementor-posts--skin-cards elementor-grid\">\n\t\t\t\t<article class=\"elementor-post elementor-grid-item post-861 artikuj-post type-artikuj-post status-publish has-post-thumbnail hentry\">\n\t\t\t<div class=\"elementor-post__card\">\n\t\t\t\t<a class=\"elementor-post__thumbnail__link\" href=\"http:\/\/pemaejetes.org.al\/index.php\/artikuj-post\/te-jetosh-me-skleroze-multiple-ne-shqiperi-nje-veshtrim-ne-realitetin-e-jetes-me-sm\/\" ><div class=\"elementor-post__thumbnail\"><img fetchpriority=\"high\" decoding=\"async\" width=\"300\" height=\"300\" src=\"http:\/\/pemaejetes.org.al\/wp-content\/uploads\/2024\/04\/wweew-300x300.png\" class=\"attachment-medium size-medium wp-image-862\" alt=\"\" srcset=\"http:\/\/pemaejetes.org.al\/wp-content\/uploads\/2024\/04\/wweew-300x300.png 300w, http:\/\/pemaejetes.org.al\/wp-content\/uploads\/2024\/04\/wweew-150x150.png 150w, http:\/\/pemaejetes.org.al\/wp-content\/uploads\/2024\/04\/wweew-12x12.png 12w, http:\/\/pemaejetes.org.al\/wp-content\/uploads\/2024\/04\/wweew.png 679w\" sizes=\"(max-width: 300px) 100vw, 300px\" \/><\/div><\/a>\n\t\t\t\t<div class=\"elementor-post__text\">\n\t\t\t\t<h3 class=\"elementor-post__title\">\n\t\t\t<a href=\"http:\/\/pemaejetes.org.al\/index.php\/artikuj-post\/te-jetosh-me-skleroze-multiple-ne-shqiperi-nje-veshtrim-ne-realitetin-e-jetes-me-sm\/\" >\n\t\t\t\tT\u00eb Jetosh me Skleroz\u00eb Multiple n\u00eb Shqip\u00ebri: Nj\u00eb V\u00ebshtrim n\u00eb Realitetin e Jet\u00ebs me SM\t\t\t<\/a>\n\t\t<\/h3>\n\t\t\t\t<\/div>\n\t\t\t\t\t<\/div>\n\t\t<\/article>\n\t\t\t\t<article class=\"elementor-post elementor-grid-item post-811 artikuj-post type-artikuj-post status-publish has-post-thumbnail hentry\">\n\t\t\t<div class=\"elementor-post__card\">\n\t\t\t\t<a class=\"elementor-post__thumbnail__link\" href=\"http:\/\/pemaejetes.org.al\/index.php\/artikuj-post\/semundjet-respiratore\/\" ><div class=\"elementor-post__thumbnail\"><img decoding=\"async\" width=\"300\" height=\"300\" src=\"http:\/\/pemaejetes.org.al\/wp-content\/uploads\/2024\/04\/WhatsApp-Image-2024-04-26-at-16.43.27-300x300.jpeg\" class=\"attachment-medium size-medium wp-image-812\" alt=\"\" srcset=\"http:\/\/pemaejetes.org.al\/wp-content\/uploads\/2024\/04\/WhatsApp-Image-2024-04-26-at-16.43.27-300x300.jpeg 300w, http:\/\/pemaejetes.org.al\/wp-content\/uploads\/2024\/04\/WhatsApp-Image-2024-04-26-at-16.43.27-150x150.jpeg 150w, http:\/\/pemaejetes.org.al\/wp-content\/uploads\/2024\/04\/WhatsApp-Image-2024-04-26-at-16.43.27-768x768.jpeg 768w, http:\/\/pemaejetes.org.al\/wp-content\/uploads\/2024\/04\/WhatsApp-Image-2024-04-26-at-16.43.27-12x12.jpeg 12w, http:\/\/pemaejetes.org.al\/wp-content\/uploads\/2024\/04\/WhatsApp-Image-2024-04-26-at-16.43.27.jpeg 1024w\" sizes=\"(max-width: 300px) 100vw, 300px\" \/><\/div><\/a>\n\t\t\t\t<div class=\"elementor-post__text\">\n\t\t\t\t<h3 class=\"elementor-post__title\">\n\t\t\t<a href=\"http:\/\/pemaejetes.org.al\/index.php\/artikuj-post\/semundjet-respiratore\/\" >\n\t\t\t\tS\u00ebmundjet respiratore\t\t\t<\/a>\n\t\t<\/h3>\n\t\t\t\t<\/div>\n\t\t\t\t\t<\/div>\n\t\t<\/article>\n\t\t\t\t<article class=\"elementor-post elementor-grid-item post-809 artikuj-post type-artikuj-post status-publish has-post-thumbnail hentry\">\n\t\t\t<div class=\"elementor-post__card\">\n\t\t\t\t<a class=\"elementor-post__thumbnail__link\" href=\"http:\/\/pemaejetes.org.al\/index.php\/artikuj-post\/cfare-jane-semundjet-muskuloskelatale\/\" ><div class=\"elementor-post__thumbnail\"><img decoding=\"async\" width=\"300\" height=\"300\" src=\"http:\/\/pemaejetes.org.al\/wp-content\/uploads\/2024\/04\/WhatsApp-Image-2024-04-26-at-16.42.05-300x300.jpeg\" class=\"attachment-medium size-medium wp-image-810\" alt=\"\" srcset=\"http:\/\/pemaejetes.org.al\/wp-content\/uploads\/2024\/04\/WhatsApp-Image-2024-04-26-at-16.42.05-300x300.jpeg 300w, http:\/\/pemaejetes.org.al\/wp-content\/uploads\/2024\/04\/WhatsApp-Image-2024-04-26-at-16.42.05-150x150.jpeg 150w, http:\/\/pemaejetes.org.al\/wp-content\/uploads\/2024\/04\/WhatsApp-Image-2024-04-26-at-16.42.05-768x768.jpeg 768w, http:\/\/pemaejetes.org.al\/wp-content\/uploads\/2024\/04\/WhatsApp-Image-2024-04-26-at-16.42.05-12x12.jpeg 12w, http:\/\/pemaejetes.org.al\/wp-content\/uploads\/2024\/04\/WhatsApp-Image-2024-04-26-at-16.42.05.jpeg 1024w\" sizes=\"(max-width: 300px) 100vw, 300px\" \/><\/div><\/a>\n\t\t\t\t<div class=\"elementor-post__text\">\n\t\t\t\t<h3 class=\"elementor-post__title\">\n\t\t\t<a href=\"http:\/\/pemaejetes.org.al\/index.php\/artikuj-post\/cfare-jane-semundjet-muskuloskelatale\/\" >\n\t\t\t\t\u00c7far\u00eb jan\u00eb s\u00ebmundjet muskuloskelatale\t\t\t<\/a>\n\t\t<\/h3>\n\t\t\t\t<\/div>\n\t\t\t\t\t<\/div>\n\t\t<\/article>\n\t\t\t\t<article class=\"elementor-post elementor-grid-item post-807 artikuj-post type-artikuj-post status-publish has-post-thumbnail hentry\">\n\t\t\t<div class=\"elementor-post__card\">\n\t\t\t\t<a class=\"elementor-post__thumbnail__link\" href=\"http:\/\/pemaejetes.org.al\/index.php\/artikuj-post\/semundjet-autoimune\/\" ><div class=\"elementor-post__thumbnail\"><img loading=\"lazy\" decoding=\"async\" width=\"300\" height=\"300\" src=\"http:\/\/pemaejetes.org.al\/wp-content\/uploads\/2024\/04\/WhatsApp-Image-2024-04-26-at-16.05.08-300x300.jpeg\" class=\"attachment-medium size-medium wp-image-808\" alt=\"\" srcset=\"http:\/\/pemaejetes.org.al\/wp-content\/uploads\/2024\/04\/WhatsApp-Image-2024-04-26-at-16.05.08-300x300.jpeg 300w, http:\/\/pemaejetes.org.al\/wp-content\/uploads\/2024\/04\/WhatsApp-Image-2024-04-26-at-16.05.08-150x150.jpeg 150w, http:\/\/pemaejetes.org.al\/wp-content\/uploads\/2024\/04\/WhatsApp-Image-2024-04-26-at-16.05.08-768x768.jpeg 768w, http:\/\/pemaejetes.org.al\/wp-content\/uploads\/2024\/04\/WhatsApp-Image-2024-04-26-at-16.05.08-12x12.jpeg 12w, http:\/\/pemaejetes.org.al\/wp-content\/uploads\/2024\/04\/WhatsApp-Image-2024-04-26-at-16.05.08.jpeg 1024w\" sizes=\"(max-width: 300px) 100vw, 300px\" \/><\/div><\/a>\n\t\t\t\t<div class=\"elementor-post__text\">\n\t\t\t\t<h3 class=\"elementor-post__title\">\n\t\t\t<a href=\"http:\/\/pemaejetes.org.al\/index.php\/artikuj-post\/semundjet-autoimune\/\" >\n\t\t\t\tS\u00ebmundjet autoimune\t\t\t<\/a>\n\t\t<\/h3>\n\t\t\t\t<\/div>\n\t\t\t\t\t<\/div>\n\t\t<\/article>\n\t\t\t\t<article class=\"elementor-post elementor-grid-item post-805 artikuj-post type-artikuj-post status-publish has-post-thumbnail hentry\">\n\t\t\t<div class=\"elementor-post__card\">\n\t\t\t\t<a class=\"elementor-post__thumbnail__link\" href=\"http:\/\/pemaejetes.org.al\/index.php\/artikuj-post\/cfare-jane-semundjet-kardiovaskulare\/\" ><div class=\"elementor-post__thumbnail\"><img loading=\"lazy\" decoding=\"async\" width=\"300\" height=\"300\" src=\"http:\/\/pemaejetes.org.al\/wp-content\/uploads\/2024\/04\/WhatsApp-Image-2024-04-26-at-16.36.24-300x300.jpeg\" class=\"attachment-medium size-medium wp-image-806\" alt=\"\" srcset=\"http:\/\/pemaejetes.org.al\/wp-content\/uploads\/2024\/04\/WhatsApp-Image-2024-04-26-at-16.36.24-300x300.jpeg 300w, http:\/\/pemaejetes.org.al\/wp-content\/uploads\/2024\/04\/WhatsApp-Image-2024-04-26-at-16.36.24-150x150.jpeg 150w, http:\/\/pemaejetes.org.al\/wp-content\/uploads\/2024\/04\/WhatsApp-Image-2024-04-26-at-16.36.24-768x768.jpeg 768w, http:\/\/pemaejetes.org.al\/wp-content\/uploads\/2024\/04\/WhatsApp-Image-2024-04-26-at-16.36.24-12x12.jpeg 12w, http:\/\/pemaejetes.org.al\/wp-content\/uploads\/2024\/04\/WhatsApp-Image-2024-04-26-at-16.36.24.jpeg 1024w\" sizes=\"(max-width: 300px) 100vw, 300px\" \/><\/div><\/a>\n\t\t\t\t<div class=\"elementor-post__text\">\n\t\t\t\t<h3 class=\"elementor-post__title\">\n\t\t\t<a href=\"http:\/\/pemaejetes.org.al\/index.php\/artikuj-post\/cfare-jane-semundjet-kardiovaskulare\/\" >\n\t\t\t\t\u00c7far\u00eb jan\u00eb s\u00ebmundjet kardiovaskulare\t\t\t<\/a>\n\t\t<\/h3>\n\t\t\t\t<\/div>\n\t\t\t\t\t<\/div>\n\t\t<\/article>\n\t\t\t\t<article class=\"elementor-post elementor-grid-item post-803 artikuj-post type-artikuj-post status-publish has-post-thumbnail hentry\">\n\t\t\t<div class=\"elementor-post__card\">\n\t\t\t\t<a class=\"elementor-post__thumbnail__link\" href=\"http:\/\/pemaejetes.org.al\/index.php\/artikuj-post\/cfare-eshte-diabeti-dhe-llojet-e-tij\/\" ><div class=\"elementor-post__thumbnail\"><img loading=\"lazy\" decoding=\"async\" width=\"300\" height=\"300\" src=\"http:\/\/pemaejetes.org.al\/wp-content\/uploads\/2024\/04\/WhatsApp-Image-2024-04-26-at-16.34.09-300x300.jpeg\" class=\"attachment-medium size-medium wp-image-804\" alt=\"\" srcset=\"http:\/\/pemaejetes.org.al\/wp-content\/uploads\/2024\/04\/WhatsApp-Image-2024-04-26-at-16.34.09-300x300.jpeg 300w, http:\/\/pemaejetes.org.al\/wp-content\/uploads\/2024\/04\/WhatsApp-Image-2024-04-26-at-16.34.09-150x150.jpeg 150w, http:\/\/pemaejetes.org.al\/wp-content\/uploads\/2024\/04\/WhatsApp-Image-2024-04-26-at-16.34.09-768x768.jpeg 768w, http:\/\/pemaejetes.org.al\/wp-content\/uploads\/2024\/04\/WhatsApp-Image-2024-04-26-at-16.34.09-12x12.jpeg 12w, http:\/\/pemaejetes.org.al\/wp-content\/uploads\/2024\/04\/WhatsApp-Image-2024-04-26-at-16.34.09.jpeg 1024w\" sizes=\"(max-width: 300px) 100vw, 300px\" \/><\/div><\/a>\n\t\t\t\t<div class=\"elementor-post__text\">\n\t\t\t\t<h3 class=\"elementor-post__title\">\n\t\t\t<a href=\"http:\/\/pemaejetes.org.al\/index.php\/artikuj-post\/cfare-eshte-diabeti-dhe-llojet-e-tij\/\" >\n\t\t\t\t\u00c7far\u00eb \u00ebsht\u00eb diabeti dhe llojet e tij\t\t\t<\/a>\n\t\t<\/h3>\n\t\t\t\t<\/div>\n\t\t\t\t\t<\/div>\n\t\t<\/article>\n\t\t\t\t<article class=\"elementor-post elementor-grid-item post-801 artikuj-post type-artikuj-post status-publish has-post-thumbnail hentry\">\n\t\t\t<div class=\"elementor-post__card\">\n\t\t\t\t<a class=\"elementor-post__thumbnail__link\" href=\"http:\/\/pemaejetes.org.al\/index.php\/artikuj-post\/kanceri-dhe-llojet-kryesore-te-tij\/\" ><div class=\"elementor-post__thumbnail\"><img loading=\"lazy\" decoding=\"async\" width=\"300\" height=\"300\" src=\"http:\/\/pemaejetes.org.al\/wp-content\/uploads\/2024\/04\/WhatsApp-Image-2024-04-26-at-16.05.23-300x300.jpeg\" class=\"attachment-medium size-medium wp-image-802\" alt=\"\" srcset=\"http:\/\/pemaejetes.org.al\/wp-content\/uploads\/2024\/04\/WhatsApp-Image-2024-04-26-at-16.05.23-300x300.jpeg 300w, http:\/\/pemaejetes.org.al\/wp-content\/uploads\/2024\/04\/WhatsApp-Image-2024-04-26-at-16.05.23-150x150.jpeg 150w, http:\/\/pemaejetes.org.al\/wp-content\/uploads\/2024\/04\/WhatsApp-Image-2024-04-26-at-16.05.23-768x768.jpeg 768w, http:\/\/pemaejetes.org.al\/wp-content\/uploads\/2024\/04\/WhatsApp-Image-2024-04-26-at-16.05.23-12x12.jpeg 12w, http:\/\/pemaejetes.org.al\/wp-content\/uploads\/2024\/04\/WhatsApp-Image-2024-04-26-at-16.05.23.jpeg 1024w\" sizes=\"(max-width: 300px) 100vw, 300px\" \/><\/div><\/a>\n\t\t\t\t<div class=\"elementor-post__text\">\n\t\t\t\t<h3 class=\"elementor-post__title\">\n\t\t\t<a href=\"http:\/\/pemaejetes.org.al\/index.php\/artikuj-post\/kanceri-dhe-llojet-kryesore-te-tij\/\" >\n\t\t\t\tKanceri dhe llojet kryesore t\u00eb tij\t\t\t<\/a>\n\t\t<\/h3>\n\t\t\t\t<\/div>\n\t\t\t\t\t<\/div>\n\t\t<\/article>\n\t\t\t\t<\/div>\n\t\t\n\t\t\t\t<\/div>\n\t\t\t\t<\/div>\n\t\t\t\t\t<\/div>\n\t\t\t\t<\/div>\n\t\t\t\t<\/div>\n\t\t","protected":false},"excerpt":{"rendered":"","protected":false},"author":1,"featured_media":0,"parent":0,"menu_order":0,"comment_status":"closed","ping_status":"closed","template":"elementor_header_footer","meta":{"footnotes":""},"class_list":["post-661","page","type-page","status-publish","hentry"],"acf":[],"yoast_head":"<!-- This site is optimized with the Yoast SEO plugin v22.6 - https:\/\/yoast.com\/wordpress\/plugins\/seo\/ -->\n<title>Artikuj - Pema e Jetes<\/title>\n<meta name=\"robots\" content=\"index, follow, max-snippet:-1, max-image-preview:large, max-video-preview:-1\" \/>\n<link rel=\"canonical\" href=\"http:\/\/pemaejetes.org.al\/index.php\/artikuj\/\" \/>\n<meta property=\"og:locale\" content=\"en_US\" \/>\n<meta property=\"og:type\" content=\"article\" \/>\n<meta property=\"og:title\" content=\"Artikuj - Pema e Jetes\" \/>\n<meta property=\"og:url\" content=\"http:\/\/pemaejetes.org.al\/index.php\/artikuj\/\" \/>\n<meta property=\"og:site_name\" content=\"Pema e Jetes\" \/>\n<meta property=\"article:modified_time\" content=\"2024-04-26T16:11:45+00:00\" \/>\n<meta name=\"twitter:card\" content=\"summary_large_image\" \/>\n<script type=\"application\/ld+json\" class=\"yoast-schema-graph\">{\"@context\":\"https:\/\/schema.org\",\"@graph\":[{\"@type\":\"WebPage\",\"@id\":\"http:\/\/pemaejetes.org.al\/index.php\/artikuj\/\",\"url\":\"http:\/\/pemaejetes.org.al\/index.php\/artikuj\/\",\"name\":\"Artikuj - Pema e Jetes\",\"isPartOf\":{\"@id\":\"https:\/\/pemaejetes.org.al\/#website\"},\"datePublished\":\"2024-04-21T21:51:44+00:00\",\"dateModified\":\"2024-04-26T16:11:45+00:00\",\"breadcrumb\":{\"@id\":\"http:\/\/pemaejetes.org.al\/index.php\/artikuj\/#breadcrumb\"},\"inLanguage\":\"en-US\",\"potentialAction\":[{\"@type\":\"ReadAction\",\"target\":[\"http:\/\/pemaejetes.org.al\/index.php\/artikuj\/\"]}]},{\"@type\":\"BreadcrumbList\",\"@id\":\"http:\/\/pemaejetes.org.al\/index.php\/artikuj\/#breadcrumb\",\"itemListElement\":[{\"@type\":\"ListItem\",\"position\":1,\"name\":\"Home\",\"item\":\"https:\/\/pemaejetes.org.al\/\"},{\"@type\":\"ListItem\",\"position\":2,\"name\":\"Artikuj\"}]},{\"@type\":\"WebSite\",\"@id\":\"https:\/\/pemaejetes.org.al\/#website\",\"url\":\"https:\/\/pemaejetes.org.al\/\",\"name\":\"Pema e Jetes\",\"description\":\"\",\"publisher\":{\"@id\":\"https:\/\/pemaejetes.org.al\/#organization\"},\"potentialAction\":[{\"@type\":\"SearchAction\",\"target\":{\"@type\":\"EntryPoint\",\"urlTemplate\":\"https:\/\/pemaejetes.org.al\/?s={search_term_string}\"},\"query-input\":\"required name=search_term_string\"}],\"inLanguage\":\"en-US\"},{\"@type\":\"Organization\",\"@id\":\"https:\/\/pemaejetes.org.al\/#organization\",\"name\":\"Pema e Jetes\",\"url\":\"https:\/\/pemaejetes.org.al\/\",\"logo\":{\"@type\":\"ImageObject\",\"inLanguage\":\"en-US\",\"@id\":\"https:\/\/pemaejetes.org.al\/#\/schema\/logo\/image\/\",\"url\":\"http:\/\/pemaejetes.org.al\/wp-content\/uploads\/2024\/04\/LOGO-Pema-e-Jetes-pdf_page-0002-e1712155546269.jpg\",\"contentUrl\":\"http:\/\/pemaejetes.org.al\/wp-content\/uploads\/2024\/04\/LOGO-Pema-e-Jetes-pdf_page-0002-e1712155546269.jpg\",\"width\":657,\"height\":610,\"caption\":\"Pema e Jetes\"},\"image\":{\"@id\":\"https:\/\/pemaejetes.org.al\/#\/schema\/logo\/image\/\"}}]}<\/script>\n<!-- \/ Yoast SEO plugin. -->","yoast_head_json":{"title":"Artikuj - Pema e Jetes","robots":{"index":"index","follow":"follow","max-snippet":"max-snippet:-1","max-image-preview":"max-image-preview:large","max-video-preview":"max-video-preview:-1"},"canonical":"http:\/\/pemaejetes.org.al\/index.php\/artikuj\/","og_locale":"en_US","og_type":"article","og_title":"Artikuj - Pema e Jetes","og_url":"http:\/\/pemaejetes.org.al\/index.php\/artikuj\/","og_site_name":"Pema e Jetes","article_modified_time":"2024-04-26T16:11:45+00:00","twitter_card":"summary_large_image","schema":{"@context":"https:\/\/schema.org","@graph":[{"@type":"WebPage","@id":"http:\/\/pemaejetes.org.al\/index.php\/artikuj\/","url":"http:\/\/pemaejetes.org.al\/index.php\/artikuj\/","name":"Artikuj - Pema e Jetes","isPartOf":{"@id":"https:\/\/pemaejetes.org.al\/#website"},"datePublished":"2024-04-21T21:51:44+00:00","dateModified":"2024-04-26T16:11:45+00:00","breadcrumb":{"@id":"http:\/\/pemaejetes.org.al\/index.php\/artikuj\/#breadcrumb"},"inLanguage":"en-US","potentialAction":[{"@type":"ReadAction","target":["http:\/\/pemaejetes.org.al\/index.php\/artikuj\/"]}]},{"@type":"BreadcrumbList","@id":"http:\/\/pemaejetes.org.al\/index.php\/artikuj\/#breadcrumb","itemListElement":[{"@type":"ListItem","position":1,"name":"Home","item":"https:\/\/pemaejetes.org.al\/"},{"@type":"ListItem","position":2,"name":"Artikuj"}]},{"@type":"WebSite","@id":"https:\/\/pemaejetes.org.al\/#website","url":"https:\/\/pemaejetes.org.al\/","name":"Pema e Jetes","description":"","publisher":{"@id":"https:\/\/pemaejetes.org.al\/#organization"},"potentialAction":[{"@type":"SearchAction","target":{"@type":"EntryPoint","urlTemplate":"https:\/\/pemaejetes.org.al\/?s={search_term_string}"},"query-input":"required name=search_term_string"}],"inLanguage":"en-US"},{"@type":"Organization","@id":"https:\/\/pemaejetes.org.al\/#organization","name":"Pema e Jetes","url":"https:\/\/pemaejetes.org.al\/","logo":{"@type":"ImageObject","inLanguage":"en-US","@id":"https:\/\/pemaejetes.org.al\/#\/schema\/logo\/image\/","url":"http:\/\/pemaejetes.org.al\/wp-content\/uploads\/2024\/04\/LOGO-Pema-e-Jetes-pdf_page-0002-e1712155546269.jpg","contentUrl":"http:\/\/pemaejetes.org.al\/wp-content\/uploads\/2024\/04\/LOGO-Pema-e-Jetes-pdf_page-0002-e1712155546269.jpg","width":657,"height":610,"caption":"Pema e Jetes"},"image":{"@id":"https:\/\/pemaejetes.org.al\/#\/schema\/logo\/image\/"}}]}},"_links":{"self":[{"href":"http:\/\/pemaejetes.org.al\/index.php\/wp-json\/wp\/v2\/pages\/661","targetHints":{"allow":["GET"]}}],"collection":[{"href":"http:\/\/pemaejetes.org.al\/index.php\/wp-json\/wp\/v2\/pages"}],"about":[{"href":"http:\/\/pemaejetes.org.al\/index.php\/wp-json\/wp\/v2\/types\/page"}],"author":[{"embeddable":true,"href":"http:\/\/pemaejetes.org.al\/index.php\/wp-json\/wp\/v2\/users\/1"}],"replies":[{"embeddable":true,"href":"http:\/\/pemaejetes.org.al\/index.php\/wp-json\/wp\/v2\/comments?post=661"}],"version-history":[{"count":13,"href":"http:\/\/pemaejetes.org.al\/index.php\/wp-json\/wp\/v2\/pages\/661\/revisions"}],"predecessor-version":[{"id":888,"href":"http:\/\/pemaejetes.org.al\/index.php\/wp-json\/wp\/v2\/pages\/661\/revisions\/888"}],"wp:attachment":[{"href":"http:\/\/pemaejetes.org.al\/index.php\/wp-json\/wp\/v2\/media?parent=661"}],"curies":[{"name":"wp","href":"https:\/\/api.w.org\/{rel}","templated":true}]}}